{"id":11519,"date":"2021-03-08T12:30:52","date_gmt":"2021-03-08T11:30:52","guid":{"rendered":"https:\/\/fbk.lu\/cookies-politik\/"},"modified":"2022-10-06T09:28:19","modified_gmt":"2022-10-06T07:28:19","slug":"cookies-politik","status":"publish","type":"page","link":"https:\/\/fbk.lu\/lu-lu\/cookies-politik\/","title":{"rendered":"Cookies Politik"},"content":{"rendered":"\t\t<div data-elementor-type=\"wp-page\" data-elementor-id=\"11519\" class=\"elementor elementor-11519 elementor-10305\" data-elementor-post-type=\"page\">\n\t\t\t\t\t\t<section class=\"elementor-section elementor-top-section elementor-element elementor-element-53e9389 elementor-section-boxed elementor-section-height-default elementor-section-height-default\" data-id=\"53e9389\" data-element_type=\"section\">\n\t\t\t\t\t\t<div class=\"elementor-container elementor-column-gap-default\">\n\t\t\t\t\t<div class=\"elementor-column elementor-col-100 elementor-top-column elementor-element elementor-element-8fadbba\" data-id=\"8fadbba\" data-element_type=\"column\" data-settings=\"{&quot;avante_ext_is_scrollme&quot;:&quot;false&quot;,&quot;avante_ext_is_smoove&quot;:&quot;false&quot;,&quot;avante_ext_is_parallax_mouse&quot;:&quot;false&quot;,&quot;avante_ext_is_infinite&quot;:&quot;false&quot;}\">\n\t\t\t<div class=\"elementor-widget-wrap elementor-element-populated\">\n\t\t\t\t\t\t<div class=\"elementor-element elementor-element-8c5f2f7 elementor-widget elementor-widget-heading\" data-id=\"8c5f2f7\" data-element_type=\"widget\" data-settings=\"{&quot;avante_ext_is_scrollme&quot;:&quot;false&quot;,&quot;avante_ext_is_smoove&quot;:&quot;false&quot;,&quot;avante_ext_is_parallax_mouse&quot;:&quot;false&quot;,&quot;avante_ext_is_infinite&quot;:&quot;false&quot;}\" data-widget_type=\"heading.default\">\n\t\t\t\t<div class=\"elementor-widget-container\">\n\t\t\t<h2 class=\"elementor-heading-title elementor-size-default\">Cookies Politik - Fiduciaire Benoy Kartheiser<\/h2>\t\t<\/div>\n\t\t\t\t<\/div>\n\t\t\t\t<div class=\"elementor-element elementor-element-f752345 elementor-widget elementor-widget-text-editor\" data-id=\"f752345\" data-element_type=\"widget\" data-settings=\"{&quot;avante_ext_is_scrollme&quot;:&quot;false&quot;,&quot;avante_ext_is_smoove&quot;:&quot;false&quot;,&quot;avante_ext_is_parallax_mouse&quot;:&quot;false&quot;,&quot;avante_ext_is_infinite&quot;:&quot;false&quot;}\" data-widget_type=\"text-editor.default\">\n\t\t\t\t<div class=\"elementor-widget-container\">\n\t\t\t\t\t\t\t<div class=\"cli_pg_page_contaner\">\n<div>D\u00ebs Cookie Politik erkl\u00e4rt wat Cookien sinn a w\u00e9i mir se benotzen d&#8217;Zorte vu Cookien d\u00e9i mir benotzen anw\u00e9i eng Informatioun mir mat desen Cookien sammelen a w\u00e9i d\u00ebs Informatiounen benotzt gin. Hei fannt Dir och erausw\u00e9i d&#8217;Cookie-Pr\u00e4ferenzen ze kontroll\u00e9ieren sin. Fir m\u00e9i Informatiounen iwwer w\u00e9i mir \u00c4r pers\u00e9inlech Donn\u00e9e\u00ebn benotzen, sp\u00e4icheren a sch\u00fctzen, bieden mir Iech ons Dateschutzpolitik ze leisen. Dir k\u00ebnnt \u00c4r Zoust\u00ebmmung zu der Cookie Politik op eiser Webs\u00e4it zu all Moment \u00e4nneren oder zr\u00e9ckz\u00e9ien. \u00c4r Zoust\u00ebmmung g\u00ebllt fir folgend Domainen: fbk.lu<\/div>\n<\/div>\n<h3> <\/h3>\n<div class=\"cli_pg_page_contaner\">\n<h3>Wat sinn Cookien?<\/h3>\n<div>Cookies si kleng Textdateien d\u00e9i benotzt gi fir d\u00e9i verschiddenst Informatiounen ze sp\u00e4icheren. Si ginn op \u00c4rem Apparat gesp\u00e4ichert wann d&#8217;Webs\u00e4it an \u00c4rem Browser gelueden ass. D\u00ebs Cookien h\u00ebllefen eis d&#8217;Webs\u00e4it richteg ze controleieren, se m\u00e9i s\u00e9cher ze maachen an eng besser Benotzererfarung ze bidden.<\/div>\n<h3> <\/h3>\n<h3>W\u00e9i benotze mir Cookien?<\/h3>\n<div>W\u00e9i d\u00e9i meescht Online Servicer benotzt eis Webs\u00e4it \u00c9ischt-Partei an Dr\u00ebtt-Partei Cookien fir verschidden Zwecker. \u00c9ischt-Partei Cookien sinn haapts\u00e4chlech n\u00e9ideg fir datt onsWebs\u00e4it richteg fonktionn\u00e9ieren kann d\u00e9i sammelen keng vun \u00c4re pers\u00e9inlechenInformatiounen. D&#8217;Dr\u00ebtt-Partei Cookien, d\u00e9i op eiser Webs\u00e4it benotzt ginn, ginn haapts\u00e4chlech benotzt fir ze verstoen w\u00e9i d&#8217;Webs\u00e4it funktionn\u00e9iert, w\u00e9i Dir mat eiser Webs\u00e4it interag\u00e9iert, fir eis Servicer s\u00e9cher ze halen, Reklammen ze liwweren d\u00e9i fir Iech relevant sinn an allgemeng fir Iech eng besser a verbessert Benotzererfarung mat eiser Webs\u00e4it bidden ze kennen.<\/div>\n<h3> <\/h3>\n<h3>W\u00e9i eng Zorte vu Cookien benotze mir?<\/h3>\n<div><strong>Essential:<\/strong> E puer Cookien si weesentlech fir datt Dir all d&#8217;Funktionalit\u00e9it vun eisem Site benotze k\u00ebnnt. Si erlaben eis Benotzersessiounen z&#8217;erhalen an all S\u00e9cherheetsbedrohungen ze vermeiden. Si sammelen oder sp\u00e4icheren keng pers\u00e9inlech Informatiounen. Zum Beispill, erlaben d\u00ebs Cookien Iech op \u00c4re Kont azeloggen an Produiten op \u00c4r Shopping Weenchen b\u00e4izedroen, a s\u00e9cher ze bezuelen.<\/div>\n<div><strong>Statistiken:<\/strong> D\u00ebs Cookien sp\u00e4icheren Informatioun w\u00e9i d&#8217;Zuel vun de Visiteuren op der Webs\u00e4it, d&#8217;Zuel vun eenzegaartege Besucher, w\u00e9i eng S\u00e4iten vun der Webs\u00e4it besicht goufen, d&#8217;Quell vum Besuch, a sou weider. D\u00ebs Donn\u00e9e\u00ebn h\u00ebllefen eis d&#8217;Leeschtung vun der Webs\u00e4it a Ber\u00e4icher fir Verbesserung ze verstoen an ze analys\u00e9ieren.<\/div>\n<div><strong>Marketing:<\/strong> Eis Webs\u00e4it weist Annoncen. D\u00ebs Cookies gi benotzt fir d&#8217;Annoncen ze personalis\u00e9ieren, d\u00e9i mir Iech serv\u00e9ieren, sou datt se s\u00ebnnvoll fir Iech sinn. D\u00ebs Cookien h\u00ebllefen eis och d&#8217;Effizienz vun d\u00ebse Reklammekampagnen ze verfolgen. D&#8217;Informatiounen, d\u00e9i an d\u00ebse Cookien gesp\u00e4ichert sinn, k\u00ebnnen och vun Dr\u00ebtt Partei Reklamme Ubidder benotzt ginn fir Iech Annoncen op anere Webs\u00e4iten am Browser ze weisen.<\/div>\n<div><strong>Funktionell:<\/strong> D\u00ebst sinn Cookien d\u00e9i d&#8217;Benotzung vu best\u00ebmmten net wesentleche Funktiounen vun eiser Webs\u00e4it erlaben. D\u00ebs Fonctiounen enthalen Inhalter w\u00e9i Videoen oder deelen vun onsen Webs\u00e4itinhalt op sozialen Medienplattformen.<\/div>\n<div><strong>Preferences:<\/strong> D\u00ebs Cookien h\u00ebllefen eis \u00c4r Browser-Astellungen a Virl\u00e9iften ze sp\u00e4icheren, w\u00e9i Sprooch, sou datt Dir eng m\u00e9i effizient Erfahrung hutt d\u00e9i n\u00e4chst K\u00e9ier wann Dir d&#8217;Webs\u00e4it besicht.<\/div>\n<\/div>\n\t\t\t\t\t\t<\/div>\n\t\t\t\t<\/div>\n\t\t\t\t\t<\/div>\n\t\t<\/div>\n\t\t\t\t\t<\/div>\n\t\t<\/section>\n\t\t\t\t<\/div>\n\t\t","protected":false},"excerpt":{"rendered":"<p>Cookies Politik &#8211; Fiduciaire Benoy Kartheiser D\u00ebs Cookie Politik erkl\u00e4rt wat Cookien sinn a w\u00e9i mir se benotzen d&#8217;Zorte vu Cookien d\u00e9i mir benotzen anw\u00e9i eng Informatioun mir mat desen Cookien sammelen a w\u00e9i d\u00ebs Informatiounen benotzt gin. Hei fannt [&hellip;]<\/p>\n","protected":false},"author":1,"featured_media":0,"parent":0,"menu_order":0,"comment_status":"closed","ping_status":"closed","template":"","meta":{"footnotes":""},"class_list":["post-11519","page","type-page","status-publish","hentry"],"yoast_head":"<!-- This site is optimized with the Yoast SEO plugin v23.1 - https:\/\/yoast.com\/wordpress\/plugins\/seo\/ -->\n<title>Cookies Politik - Fiduciaire Benoy Kartheiser<\/title>\n<meta name=\"robots\" content=\"index, follow, max-snippet:-1, max-image-preview:large, max-video-preview:-1\" \/>\n<link rel=\"canonical\" href=\"https:\/\/fbk.lu\/lu-lu\/cookies-politik\/\" \/>\n<meta property=\"og:locale\" content=\"en_US\" \/>\n<meta property=\"og:type\" content=\"article\" \/>\n<meta property=\"og:title\" content=\"Cookies Politik - Fiduciaire Benoy Kartheiser\" \/>\n<meta property=\"og:description\" content=\"Cookies Politik &#8211; Fiduciaire Benoy Kartheiser D\u00ebs Cookie Politik erkl\u00e4rt wat Cookien sinn a w\u00e9i mir se benotzen d&#8217;Zorte vu Cookien d\u00e9i mir benotzen anw\u00e9i eng Informatioun mir mat desen Cookien sammelen a w\u00e9i d\u00ebs Informatiounen benotzt gin. Hei fannt [&hellip;]\" \/>\n<meta property=\"og:url\" content=\"https:\/\/fbk.lu\/lu-lu\/cookies-politik\/\" \/>\n<meta property=\"og:site_name\" content=\"Fiduciaire Benoy Kartheiser\" \/>\n<meta property=\"article:modified_time\" content=\"2022-10-06T07:28:19+00:00\" \/>\n<meta name=\"twitter:card\" content=\"summary_large_image\" \/>\n<meta name=\"twitter:label1\" content=\"Est. reading time\" \/>\n\t<meta name=\"twitter:data1\" content=\"3 minutes\" \/>\n<script type=\"application\/ld+json\" class=\"yoast-schema-graph\">{\"@context\":\"https:\/\/schema.org\",\"@graph\":[{\"@type\":\"WebPage\",\"@id\":\"https:\/\/fbk.lu\/lu-lu\/cookies-politik\/\",\"url\":\"https:\/\/fbk.lu\/lu-lu\/cookies-politik\/\",\"name\":\"Cookies Politik - Fiduciaire Benoy Kartheiser\",\"isPartOf\":{\"@id\":\"https:\/\/fbk.lu\/lu-lu\/#website\"},\"datePublished\":\"2021-03-08T11:30:52+00:00\",\"dateModified\":\"2022-10-06T07:28:19+00:00\",\"breadcrumb\":{\"@id\":\"https:\/\/fbk.lu\/lu-lu\/cookies-politik\/#breadcrumb\"},\"inLanguage\":\"lu-LU\",\"potentialAction\":[{\"@type\":\"ReadAction\",\"target\":[\"https:\/\/fbk.lu\/lu-lu\/cookies-politik\/\"]}]},{\"@type\":\"BreadcrumbList\",\"@id\":\"https:\/\/fbk.lu\/lu-lu\/cookies-politik\/#breadcrumb\",\"itemListElement\":[{\"@type\":\"ListItem\",\"position\":1,\"name\":\"Accueil\",\"item\":\"https:\/\/fbk.lu\/lu-lu\/fiduciaire-benoy-kartheiser\/\"},{\"@type\":\"ListItem\",\"position\":2,\"name\":\"Cookies Politik\"}]},{\"@type\":\"WebSite\",\"@id\":\"https:\/\/fbk.lu\/lu-lu\/#website\",\"url\":\"https:\/\/fbk.lu\/lu-lu\/\",\"name\":\"Fiduciaire Benoy Kartheiser\",\"description\":\"SOCI\u00c9T\u00c9 CIVILE D&#039;EXPERTISES COMPTABLES ET FISCALES\",\"potentialAction\":[{\"@type\":\"SearchAction\",\"target\":{\"@type\":\"EntryPoint\",\"urlTemplate\":\"https:\/\/fbk.lu\/lu-lu\/?s={search_term_string}\"},\"query-input\":\"required name=search_term_string\"}],\"inLanguage\":\"lu-LU\"}]}<\/script>\n<!-- \/ Yoast SEO plugin. -->","yoast_head_json":{"title":"Cookies Politik - Fiduciaire Benoy Kartheiser","robots":{"index":"index","follow":"follow","max-snippet":"max-snippet:-1","max-image-preview":"max-image-preview:large","max-video-preview":"max-video-preview:-1"},"canonical":"https:\/\/fbk.lu\/lu-lu\/cookies-politik\/","og_locale":"en_US","og_type":"article","og_title":"Cookies Politik - Fiduciaire Benoy Kartheiser","og_description":"Cookies Politik &#8211; Fiduciaire Benoy Kartheiser D\u00ebs Cookie Politik erkl\u00e4rt wat Cookien sinn a w\u00e9i mir se benotzen d&#8217;Zorte vu Cookien d\u00e9i mir benotzen anw\u00e9i eng Informatioun mir mat desen Cookien sammelen a w\u00e9i d\u00ebs Informatiounen benotzt gin. Hei fannt [&hellip;]","og_url":"https:\/\/fbk.lu\/lu-lu\/cookies-politik\/","og_site_name":"Fiduciaire Benoy Kartheiser","article_modified_time":"2022-10-06T07:28:19+00:00","twitter_card":"summary_large_image","twitter_misc":{"Est. reading time":"3 minutes"},"schema":{"@context":"https:\/\/schema.org","@graph":[{"@type":"WebPage","@id":"https:\/\/fbk.lu\/lu-lu\/cookies-politik\/","url":"https:\/\/fbk.lu\/lu-lu\/cookies-politik\/","name":"Cookies Politik - Fiduciaire Benoy Kartheiser","isPartOf":{"@id":"https:\/\/fbk.lu\/lu-lu\/#website"},"datePublished":"2021-03-08T11:30:52+00:00","dateModified":"2022-10-06T07:28:19+00:00","breadcrumb":{"@id":"https:\/\/fbk.lu\/lu-lu\/cookies-politik\/#breadcrumb"},"inLanguage":"lu-LU","potentialAction":[{"@type":"ReadAction","target":["https:\/\/fbk.lu\/lu-lu\/cookies-politik\/"]}]},{"@type":"BreadcrumbList","@id":"https:\/\/fbk.lu\/lu-lu\/cookies-politik\/#breadcrumb","itemListElement":[{"@type":"ListItem","position":1,"name":"Accueil","item":"https:\/\/fbk.lu\/lu-lu\/fiduciaire-benoy-kartheiser\/"},{"@type":"ListItem","position":2,"name":"Cookies Politik"}]},{"@type":"WebSite","@id":"https:\/\/fbk.lu\/lu-lu\/#website","url":"https:\/\/fbk.lu\/lu-lu\/","name":"Fiduciaire Benoy Kartheiser","description":"SOCI\u00c9T\u00c9 CIVILE D&#039;EXPERTISES COMPTABLES ET FISCALES","potentialAction":[{"@type":"SearchAction","target":{"@type":"EntryPoint","urlTemplate":"https:\/\/fbk.lu\/lu-lu\/?s={search_term_string}"},"query-input":"required name=search_term_string"}],"inLanguage":"lu-LU"}]}},"_links":{"self":[{"href":"https:\/\/fbk.lu\/lu-lu\/wp-json\/wp\/v2\/pages\/11519"}],"collection":[{"href":"https:\/\/fbk.lu\/lu-lu\/wp-json\/wp\/v2\/pages"}],"about":[{"href":"https:\/\/fbk.lu\/lu-lu\/wp-json\/wp\/v2\/types\/page"}],"author":[{"embeddable":true,"href":"https:\/\/fbk.lu\/lu-lu\/wp-json\/wp\/v2\/users\/1"}],"replies":[{"embeddable":true,"href":"https:\/\/fbk.lu\/lu-lu\/wp-json\/wp\/v2\/comments?post=11519"}],"version-history":[{"count":0,"href":"https:\/\/fbk.lu\/lu-lu\/wp-json\/wp\/v2\/pages\/11519\/revisions"}],"wp:attachment":[{"href":"https:\/\/fbk.lu\/lu-lu\/wp-json\/wp\/v2\/media?parent=11519"}],"curies":[{"name":"wp","href":"https:\/\/api.w.org\/{rel}","templated":true}]}}