{"id":11427,"date":"2019-11-25T09:48:07","date_gmt":"2019-11-25T08:48:07","guid":{"rendered":"https:\/\/fbk.lu\/eis-kontakteiert\/"},"modified":"2024-07-30T14:55:27","modified_gmt":"2024-07-30T12:55:27","slug":"eis-kontakteiert","status":"publish","type":"page","link":"https:\/\/fbk.lu\/lu-lu\/eis-kontakteiert\/","title":{"rendered":"Kontakt\u00e9iert eis"},"content":{"rendered":"\t\t<div data-elementor-type=\"wp-page\" data-elementor-id=\"11427\" class=\"elementor elementor-11427 elementor-5879\" data-elementor-post-type=\"page\">\n\t\t\t\t\t\t<section class=\"elementor-section elementor-top-section elementor-element elementor-element-172e078 elementor-section-stretched elementor-section-height-min-height elementor-section-content-middle elementor-section-boxed elementor-section-height-default elementor-section-items-middle\" data-id=\"172e078\" data-element_type=\"section\" data-settings=\"{&quot;stretch_section&quot;:&quot;section-stretched&quot;,&quot;background_background&quot;:&quot;classic&quot;,&quot;shape_divider_bottom&quot;:&quot;opacity-fan&quot;}\">\n\t\t\t\t\t<div class=\"elementor-shape elementor-shape-bottom\" data-negative=\"false\">\n\t\t\t<svg xmlns=\"http:\/\/www.w3.org\/2000\/svg\" viewBox=\"0 0 283.5 19.6\" preserveAspectRatio=\"none\">\n\t<path class=\"elementor-shape-fill\" style=\"opacity:0.33\" d=\"M0 0L0 18.8 141.8 4.1 283.5 18.8 283.5 0z\"\/>\n\t<path class=\"elementor-shape-fill\" style=\"opacity:0.33\" d=\"M0 0L0 12.6 141.8 4 283.5 12.6 283.5 0z\"\/>\n\t<path class=\"elementor-shape-fill\" style=\"opacity:0.33\" d=\"M0 0L0 6.4 141.8 4 283.5 6.4 283.5 0z\"\/>\n\t<path class=\"elementor-shape-fill\" d=\"M0 0L0 1.2 141.8 4 283.5 1.2 283.5 0z\"\/>\n<\/svg>\t\t<\/div>\n\t\t\t\t\t<div class=\"elementor-container elementor-column-gap-default\">\n\t\t\t\t\t<div class=\"elementor-column elementor-col-100 elementor-top-column elementor-element elementor-element-05f8f5e\" data-id=\"05f8f5e\" data-element_type=\"column\" data-settings=\"{&quot;avante_ext_is_scrollme&quot;:&quot;false&quot;,&quot;avante_ext_is_smoove&quot;:&quot;false&quot;,&quot;avante_ext_is_parallax_mouse&quot;:&quot;false&quot;,&quot;avante_ext_is_infinite&quot;:&quot;false&quot;}\">\n\t\t\t<div class=\"elementor-widget-wrap elementor-element-populated\">\n\t\t\t\t\t\t<div class=\"elementor-element elementor-element-db2a93f elementor-widget elementor-widget-heading\" data-id=\"db2a93f\" data-element_type=\"widget\" data-settings=\"{&quot;avante_ext_is_smoove&quot;:&quot;true&quot;,&quot;avante_ext_smoove_disable&quot;:&quot;769&quot;,&quot;avante_ext_is_scrollme&quot;:&quot;false&quot;,&quot;avante_ext_smoove_duration&quot;:400,&quot;avante_ext_smoove_scalex&quot;:{&quot;unit&quot;:&quot;px&quot;,&quot;size&quot;:1,&quot;sizes&quot;:[]},&quot;avante_ext_smoove_scaley&quot;:{&quot;unit&quot;:&quot;px&quot;,&quot;size&quot;:1,&quot;sizes&quot;:[]},&quot;avante_ext_smoove_rotatex&quot;:{&quot;unit&quot;:&quot;px&quot;,&quot;size&quot;:0,&quot;sizes&quot;:[]},&quot;avante_ext_smoove_rotatey&quot;:{&quot;unit&quot;:&quot;px&quot;,&quot;size&quot;:0,&quot;sizes&quot;:[]},&quot;avante_ext_smoove_rotatez&quot;:{&quot;unit&quot;:&quot;px&quot;,&quot;size&quot;:0,&quot;sizes&quot;:[]},&quot;avante_ext_smoove_translatex&quot;:{&quot;unit&quot;:&quot;px&quot;,&quot;size&quot;:0,&quot;sizes&quot;:[]},&quot;avante_ext_smoove_translatey&quot;:{&quot;unit&quot;:&quot;px&quot;,&quot;size&quot;:0,&quot;sizes&quot;:[]},&quot;avante_ext_smoove_translatez&quot;:{&quot;unit&quot;:&quot;px&quot;,&quot;size&quot;:0,&quot;sizes&quot;:[]},&quot;avante_ext_smoove_skewx&quot;:{&quot;unit&quot;:&quot;px&quot;,&quot;size&quot;:0,&quot;sizes&quot;:[]},&quot;avante_ext_smoove_skewy&quot;:{&quot;unit&quot;:&quot;px&quot;,&quot;size&quot;:0,&quot;sizes&quot;:[]},&quot;avante_ext_smoove_perspective&quot;:{&quot;unit&quot;:&quot;px&quot;,&quot;size&quot;:1000,&quot;sizes&quot;:[]},&quot;avante_ext_is_parallax_mouse&quot;:&quot;false&quot;,&quot;avante_ext_is_infinite&quot;:&quot;false&quot;}\" data-widget_type=\"heading.default\">\n\t\t\t\t<div class=\"elementor-widget-container\">\n\t\t\t<h1 class=\"elementor-heading-title elementor-size-xxl\">Kontakt\u00e9iert eis<\/h1>\t\t<\/div>\n\t\t\t\t<\/div>\n\t\t\t\t\t<\/div>\n\t\t<\/div>\n\t\t\t\t\t<\/div>\n\t\t<\/section>\n\t\t\t\t<section class=\"elementor-section elementor-top-section elementor-element elementor-element-22da79c elementor-section-boxed elementor-section-height-default elementor-section-height-default\" data-id=\"22da79c\" data-element_type=\"section\">\n\t\t\t\t\t\t<div class=\"elementor-container elementor-column-gap-default\">\n\t\t\t\t\t<div class=\"elementor-column elementor-col-100 elementor-top-column elementor-element elementor-element-fc6001e\" data-id=\"fc6001e\" data-element_type=\"column\" data-settings=\"{&quot;avante_ext_is_scrollme&quot;:&quot;false&quot;,&quot;avante_ext_is_smoove&quot;:&quot;false&quot;,&quot;avante_ext_is_parallax_mouse&quot;:&quot;false&quot;,&quot;avante_ext_is_infinite&quot;:&quot;false&quot;}\">\n\t\t\t<div class=\"elementor-widget-wrap elementor-element-populated\">\n\t\t\t\t\t\t<div class=\"elementor-element elementor-element-8285512 elementor-widget__width-inherit elementor-widget elementor-widget-heading\" data-id=\"8285512\" data-element_type=\"widget\" data-settings=\"{&quot;avante_ext_is_smoove&quot;:&quot;true&quot;,&quot;avante_ext_smoove_disable&quot;:&quot;769&quot;,&quot;avante_ext_smoove_duration&quot;:1000,&quot;avante_ext_smoove_translatey&quot;:{&quot;unit&quot;:&quot;px&quot;,&quot;size&quot;:40,&quot;sizes&quot;:[]},&quot;avante_ext_smoove_rotatex&quot;:{&quot;unit&quot;:&quot;px&quot;,&quot;size&quot;:-90,&quot;sizes&quot;:[]},&quot;avante_ext_smoove_translatez&quot;:{&quot;unit&quot;:&quot;px&quot;,&quot;size&quot;:-140,&quot;sizes&quot;:[]},&quot;avante_ext_is_scrollme&quot;:&quot;false&quot;,&quot;avante_ext_smoove_scalex&quot;:{&quot;unit&quot;:&quot;px&quot;,&quot;size&quot;:1,&quot;sizes&quot;:[]},&quot;avante_ext_smoove_scaley&quot;:{&quot;unit&quot;:&quot;px&quot;,&quot;size&quot;:1,&quot;sizes&quot;:[]},&quot;avante_ext_smoove_rotatey&quot;:{&quot;unit&quot;:&quot;px&quot;,&quot;size&quot;:0,&quot;sizes&quot;:[]},&quot;avante_ext_smoove_rotatez&quot;:{&quot;unit&quot;:&quot;px&quot;,&quot;size&quot;:0,&quot;sizes&quot;:[]},&quot;avante_ext_smoove_translatex&quot;:{&quot;unit&quot;:&quot;px&quot;,&quot;size&quot;:0,&quot;sizes&quot;:[]},&quot;avante_ext_smoove_skewx&quot;:{&quot;unit&quot;:&quot;px&quot;,&quot;size&quot;:0,&quot;sizes&quot;:[]},&quot;avante_ext_smoove_skewy&quot;:{&quot;unit&quot;:&quot;px&quot;,&quot;size&quot;:0,&quot;sizes&quot;:[]},&quot;avante_ext_smoove_perspective&quot;:{&quot;unit&quot;:&quot;px&quot;,&quot;size&quot;:1000,&quot;sizes&quot;:[]},&quot;avante_ext_is_parallax_mouse&quot;:&quot;false&quot;,&quot;avante_ext_is_infinite&quot;:&quot;false&quot;}\" data-widget_type=\"heading.default\">\n\t\t\t\t<div class=\"elementor-widget-container\">\n\t\t\t<h2 class=\"elementor-heading-title elementor-size-default\">Fiduciaire Benoy Kartheiser<\/h2>\t\t<\/div>\n\t\t\t\t<\/div>\n\t\t\t\t<section class=\"elementor-section elementor-inner-section elementor-element elementor-element-f20b5d2 elementor-section-boxed elementor-section-height-default elementor-section-height-default\" data-id=\"f20b5d2\" data-element_type=\"section\">\n\t\t\t\t\t\t<div class=\"elementor-container elementor-column-gap-default\">\n\t\t\t\t\t<div class=\"elementor-column elementor-col-100 elementor-inner-column elementor-element elementor-element-789ea01\" data-id=\"789ea01\" data-element_type=\"column\" data-settings=\"{&quot;avante_ext_is_scrollme&quot;:&quot;false&quot;,&quot;avante_ext_is_parallax_mouse&quot;:&quot;false&quot;,&quot;avante_ext_is_infinite&quot;:&quot;false&quot;}\">\n\t\t\t<div class=\"elementor-widget-wrap elementor-element-populated\">\n\t\t\t\t\t\t<div class=\"elementor-element elementor-element-69fb95c elementor-widget elementor-widget-image\" data-id=\"69fb95c\" data-element_type=\"widget\" data-settings=\"{&quot;avante_ext_is_smoove&quot;:&quot;true&quot;,&quot;avante_ext_smoove_disable&quot;:&quot;769&quot;,&quot;avante_ext_smoove_duration&quot;:600,&quot;avante_ext_smoove_scalex&quot;:{&quot;unit&quot;:&quot;px&quot;,&quot;size&quot;:0.7,&quot;sizes&quot;:[]},&quot;avante_ext_smoove_scaley&quot;:{&quot;unit&quot;:&quot;px&quot;,&quot;size&quot;:0.7,&quot;sizes&quot;:[]},&quot;avante_ext_is_scrollme&quot;:&quot;false&quot;,&quot;avante_ext_smoove_rotatex&quot;:{&quot;unit&quot;:&quot;px&quot;,&quot;size&quot;:0,&quot;sizes&quot;:[]},&quot;avante_ext_smoove_rotatey&quot;:{&quot;unit&quot;:&quot;px&quot;,&quot;size&quot;:0,&quot;sizes&quot;:[]},&quot;avante_ext_smoove_rotatez&quot;:{&quot;unit&quot;:&quot;px&quot;,&quot;size&quot;:0,&quot;sizes&quot;:[]},&quot;avante_ext_smoove_translatex&quot;:{&quot;unit&quot;:&quot;px&quot;,&quot;size&quot;:0,&quot;sizes&quot;:[]},&quot;avante_ext_smoove_translatey&quot;:{&quot;unit&quot;:&quot;px&quot;,&quot;size&quot;:0,&quot;sizes&quot;:[]},&quot;avante_ext_smoove_translatez&quot;:{&quot;unit&quot;:&quot;px&quot;,&quot;size&quot;:0,&quot;sizes&quot;:[]},&quot;avante_ext_smoove_skewx&quot;:{&quot;unit&quot;:&quot;px&quot;,&quot;size&quot;:0,&quot;sizes&quot;:[]},&quot;avante_ext_smoove_skewy&quot;:{&quot;unit&quot;:&quot;px&quot;,&quot;size&quot;:0,&quot;sizes&quot;:[]},&quot;avante_ext_smoove_perspective&quot;:{&quot;unit&quot;:&quot;px&quot;,&quot;size&quot;:1000,&quot;sizes&quot;:[]},&quot;avante_ext_is_parallax_mouse&quot;:&quot;false&quot;,&quot;avante_ext_is_infinite&quot;:&quot;false&quot;}\" data-widget_type=\"image.default\">\n\t\t\t\t<div class=\"elementor-widget-container\">\n\t\t\t\t\t\t\t\t\t\t\t\t\t<img fetchpriority=\"high\" decoding=\"async\" width=\"512\" height=\"512\" src=\"https:\/\/fbk.lu\/wp-content\/uploads\/2021\/01\/cropped-Icone-FBK.png\" class=\"attachment-full size-full wp-image-9605\" alt=\"icone-fbk\" srcset=\"https:\/\/fbk.lu\/wp-content\/uploads\/2021\/01\/cropped-Icone-FBK.png 512w, https:\/\/fbk.lu\/wp-content\/uploads\/2021\/01\/cropped-Icone-FBK-300x300.png 300w, https:\/\/fbk.lu\/wp-content\/uploads\/2021\/01\/cropped-Icone-FBK-150x150.png 150w, https:\/\/fbk.lu\/wp-content\/uploads\/2021\/01\/cropped-Icone-FBK-12x12.png 12w, https:\/\/fbk.lu\/wp-content\/uploads\/2021\/01\/cropped-Icone-FBK-440x440.png 440w, https:\/\/fbk.lu\/wp-content\/uploads\/2021\/01\/cropped-Icone-FBK-100x100.png 100w, https:\/\/fbk.lu\/wp-content\/uploads\/2021\/01\/cropped-Icone-FBK-270x270.png 270w, https:\/\/fbk.lu\/wp-content\/uploads\/2021\/01\/cropped-Icone-FBK-192x192.png 192w, https:\/\/fbk.lu\/wp-content\/uploads\/2021\/01\/cropped-Icone-FBK-180x180.png 180w, https:\/\/fbk.lu\/wp-content\/uploads\/2021\/01\/cropped-Icone-FBK-32x32.png 32w\" sizes=\"(max-width: 512px) 100vw, 512px\" \/>\t\t\t\t\t\t\t\t\t\t\t\t\t<\/div>\n\t\t\t\t<\/div>\n\t\t\t\t<div class=\"elementor-element elementor-element-d027a98 elementor-widget elementor-widget-heading\" data-id=\"d027a98\" data-element_type=\"widget\" data-settings=\"{&quot;avante_ext_is_smoove&quot;:&quot;true&quot;,&quot;avante_ext_smoove_disable&quot;:&quot;769&quot;,&quot;avante_ext_smoove_duration&quot;:1000,&quot;avante_ext_smoove_translatey&quot;:{&quot;unit&quot;:&quot;px&quot;,&quot;size&quot;:40,&quot;sizes&quot;:[]},&quot;avante_ext_is_scrollme&quot;:&quot;false&quot;,&quot;avante_ext_smoove_scalex&quot;:{&quot;unit&quot;:&quot;px&quot;,&quot;size&quot;:1,&quot;sizes&quot;:[]},&quot;avante_ext_smoove_scaley&quot;:{&quot;unit&quot;:&quot;px&quot;,&quot;size&quot;:1,&quot;sizes&quot;:[]},&quot;avante_ext_smoove_rotatex&quot;:{&quot;unit&quot;:&quot;px&quot;,&quot;size&quot;:0,&quot;sizes&quot;:[]},&quot;avante_ext_smoove_rotatey&quot;:{&quot;unit&quot;:&quot;px&quot;,&quot;size&quot;:0,&quot;sizes&quot;:[]},&quot;avante_ext_smoove_rotatez&quot;:{&quot;unit&quot;:&quot;px&quot;,&quot;size&quot;:0,&quot;sizes&quot;:[]},&quot;avante_ext_smoove_translatex&quot;:{&quot;unit&quot;:&quot;px&quot;,&quot;size&quot;:0,&quot;sizes&quot;:[]},&quot;avante_ext_smoove_translatez&quot;:{&quot;unit&quot;:&quot;px&quot;,&quot;size&quot;:0,&quot;sizes&quot;:[]},&quot;avante_ext_smoove_skewx&quot;:{&quot;unit&quot;:&quot;px&quot;,&quot;size&quot;:0,&quot;sizes&quot;:[]},&quot;avante_ext_smoove_skewy&quot;:{&quot;unit&quot;:&quot;px&quot;,&quot;size&quot;:0,&quot;sizes&quot;:[]},&quot;avante_ext_smoove_perspective&quot;:{&quot;unit&quot;:&quot;px&quot;,&quot;size&quot;:1000,&quot;sizes&quot;:[]},&quot;avante_ext_is_parallax_mouse&quot;:&quot;false&quot;,&quot;avante_ext_is_infinite&quot;:&quot;false&quot;}\" data-widget_type=\"heading.default\">\n\t\t\t\t<div class=\"elementor-widget-container\">\n\t\t\t<h2 class=\"elementor-heading-title elementor-size-default\">24, rue Saint Mathieu L-2138 Luxembourg<\/h2>\t\t<\/div>\n\t\t\t\t<\/div>\n\t\t\t\t<div class=\"elementor-element elementor-element-0a230b6 elementor-widget elementor-widget-text-editor\" data-id=\"0a230b6\" data-element_type=\"widget\" data-settings=\"{&quot;avante_ext_is_smoove&quot;:&quot;true&quot;,&quot;avante_ext_smoove_disable&quot;:&quot;769&quot;,&quot;avante_ext_smoove_duration&quot;:1000,&quot;avante_ext_smoove_translatey&quot;:{&quot;unit&quot;:&quot;px&quot;,&quot;size&quot;:40,&quot;sizes&quot;:[]},&quot;avante_ext_is_scrollme&quot;:&quot;false&quot;,&quot;avante_ext_smoove_scalex&quot;:{&quot;unit&quot;:&quot;px&quot;,&quot;size&quot;:1,&quot;sizes&quot;:[]},&quot;avante_ext_smoove_scaley&quot;:{&quot;unit&quot;:&quot;px&quot;,&quot;size&quot;:1,&quot;sizes&quot;:[]},&quot;avante_ext_smoove_rotatex&quot;:{&quot;unit&quot;:&quot;px&quot;,&quot;size&quot;:0,&quot;sizes&quot;:[]},&quot;avante_ext_smoove_rotatey&quot;:{&quot;unit&quot;:&quot;px&quot;,&quot;size&quot;:0,&quot;sizes&quot;:[]},&quot;avante_ext_smoove_rotatez&quot;:{&quot;unit&quot;:&quot;px&quot;,&quot;size&quot;:0,&quot;sizes&quot;:[]},&quot;avante_ext_smoove_translatex&quot;:{&quot;unit&quot;:&quot;px&quot;,&quot;size&quot;:0,&quot;sizes&quot;:[]},&quot;avante_ext_smoove_translatez&quot;:{&quot;unit&quot;:&quot;px&quot;,&quot;size&quot;:0,&quot;sizes&quot;:[]},&quot;avante_ext_smoove_skewx&quot;:{&quot;unit&quot;:&quot;px&quot;,&quot;size&quot;:0,&quot;sizes&quot;:[]},&quot;avante_ext_smoove_skewy&quot;:{&quot;unit&quot;:&quot;px&quot;,&quot;size&quot;:0,&quot;sizes&quot;:[]},&quot;avante_ext_smoove_perspective&quot;:{&quot;unit&quot;:&quot;px&quot;,&quot;size&quot;:1000,&quot;sizes&quot;:[]},&quot;avante_ext_is_parallax_mouse&quot;:&quot;false&quot;,&quot;avante_ext_is_infinite&quot;:&quot;false&quot;}\" data-widget_type=\"text-editor.default\">\n\t\t\t\t<div class=\"elementor-widget-container\">\n\t\t\t\t\t\t\t<p class=\"p1\">M\u00e9indes bis Freides:<br \/>8:00 \u2013 12:30<br \/>13:30 \u2013 17:00<\/p>\n<p>E-mail: <a href=\"mailto:info@fbk.lu\">info@fbk.lu<\/a><br \/>T\u00e9l.: <a href=\"tel:00352447270\">+352 44 72 70<\/a><\/p><\/p>\n\t\t\t\t\t\t<\/div>\n\t\t\t\t<\/div>\n\t\t\t\t<div class=\"elementor-element elementor-element-0102380 elementor-widget__width-auto elementor-absolute elementor-widget elementor-widget-image\" data-id=\"0102380\" data-element_type=\"widget\" data-settings=\"{&quot;_position&quot;:&quot;absolute&quot;,&quot;avante_ext_is_parallax_mouse&quot;:&quot;false&quot;,&quot;avante_ext_is_infinite&quot;:&quot;false&quot;}\" data-widget_type=\"image.default\">\n\t\t\t\t<div class=\"elementor-widget-container\">\n\t\t\t\t\t\t\t\t\t\t\t\t\t<img decoding=\"async\" width=\"1494\" height=\"1408\" src=\"https:\/\/fbk.lu\/wp-content\/uploads\/2019\/11\/home2_morph_bg1.png\" class=\"attachment-full size-full wp-image-4413\" alt=\"\" srcset=\"https:\/\/fbk.lu\/wp-content\/uploads\/2019\/11\/home2_morph_bg1.png 1494w, https:\/\/fbk.lu\/wp-content\/uploads\/2019\/11\/home2_morph_bg1-600x565.png 600w, https:\/\/fbk.lu\/wp-content\/uploads\/2019\/11\/home2_morph_bg1-300x283.png 300w, https:\/\/fbk.lu\/wp-content\/uploads\/2019\/11\/home2_morph_bg1-1024x965.png 1024w, https:\/\/fbk.lu\/wp-content\/uploads\/2019\/11\/home2_morph_bg1-768x724.png 768w, https:\/\/fbk.lu\/wp-content\/uploads\/2019\/11\/home2_morph_bg1-440x415.png 440w\" sizes=\"(max-width: 1494px) 100vw, 1494px\" \/>\t\t\t\t\t\t\t\t\t\t\t\t\t<\/div>\n\t\t\t\t<\/div>\n\t\t\t\t\t<\/div>\n\t\t<\/div>\n\t\t\t\t\t<\/div>\n\t\t<\/section>\n\t\t\t\t\t<\/div>\n\t\t<\/div>\n\t\t\t\t\t<\/div>\n\t\t<\/section>\n\t\t\t\t<section class=\"elementor-section elementor-top-section elementor-element elementor-element-5741ed6 elementor-section-boxed elementor-section-height-default elementor-section-height-default\" data-id=\"5741ed6\" data-element_type=\"section\">\n\t\t\t\t\t\t<div class=\"elementor-container elementor-column-gap-default\">\n\t\t\t\t\t<div class=\"elementor-column elementor-col-100 elementor-top-column elementor-element elementor-element-499716a\" data-id=\"499716a\" data-element_type=\"column\" data-settings=\"{&quot;avante_ext_is_scrollme&quot;:&quot;false&quot;,&quot;avante_ext_is_smoove&quot;:&quot;false&quot;,&quot;avante_ext_is_parallax_mouse&quot;:&quot;false&quot;,&quot;avante_ext_is_infinite&quot;:&quot;false&quot;}\">\n\t\t\t<div class=\"elementor-widget-wrap elementor-element-populated\">\n\t\t\t\t\t\t<div class=\"elementor-element elementor-element-5c0ab40 elementor-widget elementor-widget-html\" data-id=\"5c0ab40\" data-element_type=\"widget\" data-settings=\"{&quot;avante_ext_is_scrollme&quot;:&quot;false&quot;,&quot;avante_ext_is_smoove&quot;:&quot;false&quot;,&quot;avante_ext_is_parallax_mouse&quot;:&quot;false&quot;,&quot;avante_ext_is_infinite&quot;:&quot;false&quot;}\" data-widget_type=\"html.default\">\n\t\t\t\t<div class=\"elementor-widget-container\">\n\t\t\t<iframe src=\"https:\/\/www.google.com\/maps\/embed?pb=!1m14!1m8!1m3!1d2584.803536648983!2d6.1305871!3d49.6203084!3m2!1i1024!2i768!4f13.1!3m3!1m2!1s0x47954f2f42d26395%3A0xbdf453a6ba7fcfd3!2sFIDUCIAIRE%20BENOY%20KARTHEISER%20Sc!5e0!3m2!1sfr!2sus!4v1605023209692!5m2!1sfr!2sus\" width=\"600\" height=\"450\" frameborder=\"0\" style=\"border:0;\" allowfullscreen=\"\" aria-hidden=\"false\" tabindex=\"0\"><\/iframe>\t\t<\/div>\n\t\t\t\t<\/div>\n\t\t\t\t\t<\/div>\n\t\t<\/div>\n\t\t\t\t\t<\/div>\n\t\t<\/section>\n\t\t\t\t<section class=\"elementor-section elementor-top-section elementor-element elementor-element-08ff9e1 elementor-section-boxed elementor-section-height-default elementor-section-height-default\" data-id=\"08ff9e1\" data-element_type=\"section\">\n\t\t\t\t\t\t<div class=\"elementor-container elementor-column-gap-default\">\n\t\t\t\t\t<div class=\"elementor-column elementor-col-100 elementor-top-column elementor-element elementor-element-ec37c7e\" data-id=\"ec37c7e\" data-element_type=\"column\" data-settings=\"{&quot;avante_ext_is_scrollme&quot;:&quot;false&quot;,&quot;avante_ext_is_smoove&quot;:&quot;false&quot;,&quot;avante_ext_is_parallax_mouse&quot;:&quot;false&quot;,&quot;avante_ext_is_infinite&quot;:&quot;false&quot;}\">\n\t\t\t<div class=\"elementor-widget-wrap elementor-element-populated\">\n\t\t\t\t\t\t<div class=\"elementor-element elementor-element-a31c888 elementor-widget elementor-widget-spacer\" data-id=\"a31c888\" data-element_type=\"widget\" data-settings=\"{&quot;avante_ext_is_scrollme&quot;:&quot;false&quot;,&quot;avante_ext_is_smoove&quot;:&quot;false&quot;,&quot;avante_ext_is_parallax_mouse&quot;:&quot;false&quot;,&quot;avante_ext_is_infinite&quot;:&quot;false&quot;}\" data-widget_type=\"spacer.default\">\n\t\t\t\t<div class=\"elementor-widget-container\">\n\t\t\t\t\t<div class=\"elementor-spacer\">\n\t\t\t<div class=\"elementor-spacer-inner\"><\/div>\n\t\t<\/div>\n\t\t\t\t<\/div>\n\t\t\t\t<\/div>\n\t\t\t\t\t<\/div>\n\t\t<\/div>\n\t\t\t\t\t<\/div>\n\t\t<\/section>\n\t\t\t\t<\/div>\n\t\t","protected":false},"excerpt":{"rendered":"<p>Kontakt\u00e9iert eis Fiduciaire Benoy Kartheiser 24, rue Saint Mathieu L-2138 Luxembourg M\u00e9indes bis Freides:8:00 \u2013 12:3013:30 \u2013 17:00 E-mail: info@fbk.luT\u00e9l.: +352 44 72 70<\/p>\n","protected":false},"author":1,"featured_media":0,"parent":0,"menu_order":0,"comment_status":"closed","ping_status":"closed","template":"","meta":{"footnotes":""},"class_list":["post-11427","page","type-page","status-publish","hentry"],"yoast_head":"<!-- This site is optimized with the Yoast SEO plugin v23.1 - https:\/\/yoast.com\/wordpress\/plugins\/seo\/ -->\n<title>Kontakt\u00e9iert eis - Fiduciaire Benoy Kartheiser<\/title>\n<meta name=\"description\" content=\"Kontakt\u00e9iert eis a loosst Iech h\u00ebllefen \u00c4ert Gesch\u00e4ft opzestellen, ze managen an ze administr\u00e9ieren.\" \/>\n<meta name=\"robots\" content=\"index, follow, max-snippet:-1, max-image-preview:large, max-video-preview:-1\" \/>\n<link rel=\"canonical\" href=\"https:\/\/fbk.lu\/lu-lu\/eis-kontakteiert\/\" \/>\n<meta property=\"og:locale\" content=\"en_US\" \/>\n<meta property=\"og:type\" content=\"article\" \/>\n<meta property=\"og:title\" content=\"Kontakt\u00e9iert eis - Fiduciaire Benoy Kartheiser\" \/>\n<meta property=\"og:description\" content=\"Kontakt\u00e9iert eis a loosst Iech h\u00ebllefen \u00c4ert Gesch\u00e4ft opzestellen, ze managen an ze administr\u00e9ieren.\" \/>\n<meta property=\"og:url\" content=\"https:\/\/fbk.lu\/lu-lu\/eis-kontakteiert\/\" \/>\n<meta property=\"og:site_name\" content=\"Fiduciaire Benoy Kartheiser\" \/>\n<meta property=\"article:modified_time\" content=\"2024-07-30T12:55:27+00:00\" \/>\n<meta property=\"og:image\" content=\"https:\/\/fbk.lu\/wp-content\/uploads\/2021\/01\/cropped-Icone-FBK.png\" \/>\n<meta name=\"twitter:card\" content=\"summary_large_image\" \/>\n<meta name=\"twitter:label1\" content=\"Est. reading time\" \/>\n\t<meta name=\"twitter:data1\" content=\"1 minute\" \/>\n<script type=\"application\/ld+json\" class=\"yoast-schema-graph\">{\"@context\":\"https:\/\/schema.org\",\"@graph\":[{\"@type\":\"WebPage\",\"@id\":\"https:\/\/fbk.lu\/lu-lu\/eis-kontakteiert\/\",\"url\":\"https:\/\/fbk.lu\/lu-lu\/eis-kontakteiert\/\",\"name\":\"Kontakt\u00e9iert eis - Fiduciaire Benoy Kartheiser\",\"isPartOf\":{\"@id\":\"https:\/\/fbk.lu\/lu-lu\/#website\"},\"primaryImageOfPage\":{\"@id\":\"https:\/\/fbk.lu\/lu-lu\/eis-kontakteiert\/#primaryimage\"},\"image\":{\"@id\":\"https:\/\/fbk.lu\/lu-lu\/eis-kontakteiert\/#primaryimage\"},\"thumbnailUrl\":\"https:\/\/fbk.lu\/wp-content\/uploads\/2021\/01\/cropped-Icone-FBK.png\",\"datePublished\":\"2019-11-25T08:48:07+00:00\",\"dateModified\":\"2024-07-30T12:55:27+00:00\",\"description\":\"Kontakt\u00e9iert eis a loosst Iech h\u00ebllefen \u00c4ert Gesch\u00e4ft opzestellen, ze managen an ze administr\u00e9ieren.\",\"breadcrumb\":{\"@id\":\"https:\/\/fbk.lu\/lu-lu\/eis-kontakteiert\/#breadcrumb\"},\"inLanguage\":\"lu-LU\",\"potentialAction\":[{\"@type\":\"ReadAction\",\"target\":[\"https:\/\/fbk.lu\/lu-lu\/eis-kontakteiert\/\"]}]},{\"@type\":\"ImageObject\",\"inLanguage\":\"lu-LU\",\"@id\":\"https:\/\/fbk.lu\/lu-lu\/eis-kontakteiert\/#primaryimage\",\"url\":\"https:\/\/fbk.lu\/wp-content\/uploads\/2021\/01\/cropped-Icone-FBK.png\",\"contentUrl\":\"https:\/\/fbk.lu\/wp-content\/uploads\/2021\/01\/cropped-Icone-FBK.png\"},{\"@type\":\"BreadcrumbList\",\"@id\":\"https:\/\/fbk.lu\/lu-lu\/eis-kontakteiert\/#breadcrumb\",\"itemListElement\":[{\"@type\":\"ListItem\",\"position\":1,\"name\":\"Accueil\",\"item\":\"https:\/\/fbk.lu\/lu-lu\/fiduciaire-benoy-kartheiser\/\"},{\"@type\":\"ListItem\",\"position\":2,\"name\":\"Kontakt\u00e9iert eis\"}]},{\"@type\":\"WebSite\",\"@id\":\"https:\/\/fbk.lu\/lu-lu\/#website\",\"url\":\"https:\/\/fbk.lu\/lu-lu\/\",\"name\":\"Fiduciaire Benoy Kartheiser\",\"description\":\"SOCI\u00c9T\u00c9 CIVILE D&#039;EXPERTISES COMPTABLES ET FISCALES\",\"potentialAction\":[{\"@type\":\"SearchAction\",\"target\":{\"@type\":\"EntryPoint\",\"urlTemplate\":\"https:\/\/fbk.lu\/lu-lu\/?s={search_term_string}\"},\"query-input\":\"required name=search_term_string\"}],\"inLanguage\":\"lu-LU\"}]}<\/script>\n<!-- \/ Yoast SEO plugin. -->","yoast_head_json":{"title":"Kontakt\u00e9iert eis - Fiduciaire Benoy Kartheiser","description":"Kontakt\u00e9iert eis a loosst Iech h\u00ebllefen \u00c4ert Gesch\u00e4ft opzestellen, ze managen an ze administr\u00e9ieren.","robots":{"index":"index","follow":"follow","max-snippet":"max-snippet:-1","max-image-preview":"max-image-preview:large","max-video-preview":"max-video-preview:-1"},"canonical":"https:\/\/fbk.lu\/lu-lu\/eis-kontakteiert\/","og_locale":"en_US","og_type":"article","og_title":"Kontakt\u00e9iert eis - Fiduciaire Benoy Kartheiser","og_description":"Kontakt\u00e9iert eis a loosst Iech h\u00ebllefen \u00c4ert Gesch\u00e4ft opzestellen, ze managen an ze administr\u00e9ieren.","og_url":"https:\/\/fbk.lu\/lu-lu\/eis-kontakteiert\/","og_site_name":"Fiduciaire Benoy Kartheiser","article_modified_time":"2024-07-30T12:55:27+00:00","og_image":[{"url":"https:\/\/fbk.lu\/wp-content\/uploads\/2021\/01\/cropped-Icone-FBK.png"}],"twitter_card":"summary_large_image","twitter_misc":{"Est. reading time":"1 minute"},"schema":{"@context":"https:\/\/schema.org","@graph":[{"@type":"WebPage","@id":"https:\/\/fbk.lu\/lu-lu\/eis-kontakteiert\/","url":"https:\/\/fbk.lu\/lu-lu\/eis-kontakteiert\/","name":"Kontakt\u00e9iert eis - Fiduciaire Benoy Kartheiser","isPartOf":{"@id":"https:\/\/fbk.lu\/lu-lu\/#website"},"primaryImageOfPage":{"@id":"https:\/\/fbk.lu\/lu-lu\/eis-kontakteiert\/#primaryimage"},"image":{"@id":"https:\/\/fbk.lu\/lu-lu\/eis-kontakteiert\/#primaryimage"},"thumbnailUrl":"https:\/\/fbk.lu\/wp-content\/uploads\/2021\/01\/cropped-Icone-FBK.png","datePublished":"2019-11-25T08:48:07+00:00","dateModified":"2024-07-30T12:55:27+00:00","description":"Kontakt\u00e9iert eis a loosst Iech h\u00ebllefen \u00c4ert Gesch\u00e4ft opzestellen, ze managen an ze administr\u00e9ieren.","breadcrumb":{"@id":"https:\/\/fbk.lu\/lu-lu\/eis-kontakteiert\/#breadcrumb"},"inLanguage":"lu-LU","potentialAction":[{"@type":"ReadAction","target":["https:\/\/fbk.lu\/lu-lu\/eis-kontakteiert\/"]}]},{"@type":"ImageObject","inLanguage":"lu-LU","@id":"https:\/\/fbk.lu\/lu-lu\/eis-kontakteiert\/#primaryimage","url":"https:\/\/fbk.lu\/wp-content\/uploads\/2021\/01\/cropped-Icone-FBK.png","contentUrl":"https:\/\/fbk.lu\/wp-content\/uploads\/2021\/01\/cropped-Icone-FBK.png"},{"@type":"BreadcrumbList","@id":"https:\/\/fbk.lu\/lu-lu\/eis-kontakteiert\/#breadcrumb","itemListElement":[{"@type":"ListItem","position":1,"name":"Accueil","item":"https:\/\/fbk.lu\/lu-lu\/fiduciaire-benoy-kartheiser\/"},{"@type":"ListItem","position":2,"name":"Kontakt\u00e9iert eis"}]},{"@type":"WebSite","@id":"https:\/\/fbk.lu\/lu-lu\/#website","url":"https:\/\/fbk.lu\/lu-lu\/","name":"Fiduciaire Benoy Kartheiser","description":"SOCI\u00c9T\u00c9 CIVILE D&#039;EXPERTISES COMPTABLES ET FISCALES","potentialAction":[{"@type":"SearchAction","target":{"@type":"EntryPoint","urlTemplate":"https:\/\/fbk.lu\/lu-lu\/?s={search_term_string}"},"query-input":"required name=search_term_string"}],"inLanguage":"lu-LU"}]}},"_links":{"self":[{"href":"https:\/\/fbk.lu\/lu-lu\/wp-json\/wp\/v2\/pages\/11427"}],"collection":[{"href":"https:\/\/fbk.lu\/lu-lu\/wp-json\/wp\/v2\/pages"}],"about":[{"href":"https:\/\/fbk.lu\/lu-lu\/wp-json\/wp\/v2\/types\/page"}],"author":[{"embeddable":true,"href":"https:\/\/fbk.lu\/lu-lu\/wp-json\/wp\/v2\/users\/1"}],"replies":[{"embeddable":true,"href":"https:\/\/fbk.lu\/lu-lu\/wp-json\/wp\/v2\/comments?post=11427"}],"version-history":[{"count":2,"href":"https:\/\/fbk.lu\/lu-lu\/wp-json\/wp\/v2\/pages\/11427\/revisions"}],"predecessor-version":[{"id":12676,"href":"https:\/\/fbk.lu\/lu-lu\/wp-json\/wp\/v2\/pages\/11427\/revisions\/12676"}],"wp:attachment":[{"href":"https:\/\/fbk.lu\/lu-lu\/wp-json\/wp\/v2\/media?parent=11427"}],"curies":[{"name":"wp","href":"https:\/\/api.w.org\/{rel}","templated":true}]}}