{"id":3668,"date":"2019-11-01T08:42:01","date_gmt":"2019-11-01T08:42:01","guid":{"rendered":"https:\/\/themes.themegoods.com\/avante\/?page_id=3668"},"modified":"2022-10-05T16:19:08","modified_gmt":"2022-10-05T14:19:08","slug":"histoire","status":"publish","type":"page","link":"https:\/\/fbk.lu\/histoire\/","title":{"rendered":"Histoire"},"content":{"rendered":"\t\t<div data-elementor-type=\"wp-page\" data-elementor-id=\"3668\" class=\"elementor elementor-3668\" data-elementor-post-type=\"page\">\n\t\t\t\t\t\t<section class=\"elementor-section elementor-top-section elementor-element elementor-element-de3c418 elementor-section-stretched elementor-section-height-min-height elementor-section-content-middle elementor-section-boxed elementor-section-height-default elementor-section-items-middle\" data-id=\"de3c418\" data-element_type=\"section\" data-settings=\"{&quot;stretch_section&quot;:&quot;section-stretched&quot;,&quot;background_background&quot;:&quot;classic&quot;,&quot;shape_divider_bottom&quot;:&quot;opacity-fan&quot;}\">\n\t\t\t\t\t<div class=\"elementor-shape elementor-shape-bottom\" data-negative=\"false\">\n\t\t\t<svg xmlns=\"http:\/\/www.w3.org\/2000\/svg\" viewBox=\"0 0 283.5 19.6\" preserveAspectRatio=\"none\">\n\t<path class=\"elementor-shape-fill\" style=\"opacity:0.33\" d=\"M0 0L0 18.8 141.8 4.1 283.5 18.8 283.5 0z\"\/>\n\t<path class=\"elementor-shape-fill\" style=\"opacity:0.33\" d=\"M0 0L0 12.6 141.8 4 283.5 12.6 283.5 0z\"\/>\n\t<path class=\"elementor-shape-fill\" style=\"opacity:0.33\" d=\"M0 0L0 6.4 141.8 4 283.5 6.4 283.5 0z\"\/>\n\t<path class=\"elementor-shape-fill\" d=\"M0 0L0 1.2 141.8 4 283.5 1.2 283.5 0z\"\/>\n<\/svg>\t\t<\/div>\n\t\t\t\t\t<div class=\"elementor-container elementor-column-gap-default\">\n\t\t\t\t\t<div class=\"elementor-column elementor-col-100 elementor-top-column elementor-element elementor-element-3f73c0a\" data-id=\"3f73c0a\" data-element_type=\"column\" data-settings=\"{&quot;avante_ext_is_scrollme&quot;:&quot;false&quot;,&quot;avante_ext_is_smoove&quot;:&quot;false&quot;,&quot;avante_ext_is_parallax_mouse&quot;:&quot;false&quot;,&quot;avante_ext_is_infinite&quot;:&quot;false&quot;}\">\n\t\t\t<div class=\"elementor-widget-wrap elementor-element-populated\">\n\t\t\t\t\t\t<div class=\"elementor-element elementor-element-1fb8d81 elementor-widget__width-inherit elementor-widget elementor-widget-heading\" data-id=\"1fb8d81\" data-element_type=\"widget\" data-settings=\"{&quot;avante_ext_is_smoove&quot;:&quot;true&quot;,&quot;avante_ext_smoove_disable&quot;:&quot;769&quot;,&quot;avante_ext_smoove_duration&quot;:400,&quot;avante_ext_smoove_scalex&quot;:{&quot;unit&quot;:&quot;px&quot;,&quot;size&quot;:1,&quot;sizes&quot;:[]},&quot;avante_ext_smoove_scaley&quot;:{&quot;unit&quot;:&quot;px&quot;,&quot;size&quot;:1,&quot;sizes&quot;:[]},&quot;avante_ext_smoove_rotatex&quot;:{&quot;unit&quot;:&quot;px&quot;,&quot;size&quot;:0,&quot;sizes&quot;:[]},&quot;avante_ext_smoove_rotatey&quot;:{&quot;unit&quot;:&quot;px&quot;,&quot;size&quot;:0,&quot;sizes&quot;:[]},&quot;avante_ext_smoove_rotatez&quot;:{&quot;unit&quot;:&quot;px&quot;,&quot;size&quot;:0,&quot;sizes&quot;:[]},&quot;avante_ext_smoove_translatex&quot;:{&quot;unit&quot;:&quot;px&quot;,&quot;size&quot;:0,&quot;sizes&quot;:[]},&quot;avante_ext_smoove_translatey&quot;:{&quot;unit&quot;:&quot;px&quot;,&quot;size&quot;:0,&quot;sizes&quot;:[]},&quot;avante_ext_smoove_translatez&quot;:{&quot;unit&quot;:&quot;px&quot;,&quot;size&quot;:0,&quot;sizes&quot;:[]},&quot;avante_ext_smoove_skewx&quot;:{&quot;unit&quot;:&quot;px&quot;,&quot;size&quot;:0,&quot;sizes&quot;:[]},&quot;avante_ext_smoove_skewy&quot;:{&quot;unit&quot;:&quot;px&quot;,&quot;size&quot;:0,&quot;sizes&quot;:[]},&quot;avante_ext_smoove_perspective&quot;:{&quot;unit&quot;:&quot;px&quot;,&quot;size&quot;:1000,&quot;sizes&quot;:[]},&quot;avante_ext_is_parallax_mouse&quot;:&quot;false&quot;,&quot;avante_ext_is_infinite&quot;:&quot;false&quot;}\" data-widget_type=\"heading.default\">\n\t\t\t\t<div class=\"elementor-widget-container\">\n\t\t\t<h1 class=\"elementor-heading-title elementor-size-xxl\">Notre histoire <\/h1>\t\t<\/div>\n\t\t\t\t<\/div>\n\t\t\t\t\t<\/div>\n\t\t<\/div>\n\t\t\t\t\t<\/div>\n\t\t<\/section>\n\t\t\t\t<section class=\"elementor-section elementor-top-section elementor-element elementor-element-6721ede elementor-section-boxed elementor-section-height-default elementor-section-height-default\" data-id=\"6721ede\" data-element_type=\"section\">\n\t\t\t\t\t\t<div class=\"elementor-container elementor-column-gap-default\">\n\t\t\t\t\t<div class=\"elementor-column elementor-col-100 elementor-top-column elementor-element elementor-element-d42d985\" data-id=\"d42d985\" data-element_type=\"column\" data-settings=\"{&quot;avante_ext_is_scrollme&quot;:&quot;false&quot;,&quot;avante_ext_is_smoove&quot;:&quot;false&quot;,&quot;avante_ext_is_parallax_mouse&quot;:&quot;false&quot;,&quot;avante_ext_is_infinite&quot;:&quot;false&quot;}\">\n\t\t\t<div class=\"elementor-widget-wrap elementor-element-populated\">\n\t\t\t\t\t\t<div class=\"elementor-element elementor-element-eab5acb elementor-widget elementor-widget-spacer\" data-id=\"eab5acb\" data-element_type=\"widget\" data-settings=\"{&quot;avante_ext_is_scrollme&quot;:&quot;false&quot;,&quot;avante_ext_is_smoove&quot;:&quot;false&quot;,&quot;avante_ext_is_parallax_mouse&quot;:&quot;false&quot;,&quot;avante_ext_is_infinite&quot;:&quot;false&quot;}\" data-widget_type=\"spacer.default\">\n\t\t\t\t<div class=\"elementor-widget-container\">\n\t\t\t\t\t<div class=\"elementor-spacer\">\n\t\t\t<div class=\"elementor-spacer-inner\"><\/div>\n\t\t<\/div>\n\t\t\t\t<\/div>\n\t\t\t\t<\/div>\n\t\t\t\t\t<\/div>\n\t\t<\/div>\n\t\t\t\t\t<\/div>\n\t\t<\/section>\n\t\t\t\t<section class=\"elementor-section elementor-top-section elementor-element elementor-element-338b775 elementor-section-boxed elementor-section-height-default elementor-section-height-default\" data-id=\"338b775\" data-element_type=\"section\">\n\t\t\t\t\t\t<div class=\"elementor-container elementor-column-gap-default\">\n\t\t\t\t\t<div class=\"elementor-column elementor-col-100 elementor-top-column elementor-element elementor-element-eadae88\" data-id=\"eadae88\" data-element_type=\"column\" data-settings=\"{&quot;avante_ext_is_scrollme&quot;:&quot;false&quot;,&quot;avante_ext_is_smoove&quot;:&quot;false&quot;,&quot;avante_ext_is_parallax_mouse&quot;:&quot;false&quot;,&quot;avante_ext_is_infinite&quot;:&quot;false&quot;}\">\n\t\t\t<div class=\"elementor-widget-wrap elementor-element-populated\">\n\t\t\t\t\t\t<div class=\"elementor-element elementor-element-be8921a elementor-widget elementor-widget-heading\" data-id=\"be8921a\" data-element_type=\"widget\" data-settings=\"{&quot;avante_ext_is_scrollme&quot;:&quot;false&quot;,&quot;avante_ext_is_smoove&quot;:&quot;false&quot;,&quot;avante_ext_is_parallax_mouse&quot;:&quot;false&quot;,&quot;avante_ext_is_infinite&quot;:&quot;false&quot;}\" data-widget_type=\"heading.default\">\n\t\t\t\t<div class=\"elementor-widget-container\">\n\t\t\t<h2 class=\"elementor-heading-title elementor-size-default\">Depuis 1939<\/h2>\t\t<\/div>\n\t\t\t\t<\/div>\n\t\t\t\t<div class=\"elementor-element elementor-element-aec880e elementor-widget elementor-widget-text-editor\" data-id=\"aec880e\" data-element_type=\"widget\" data-settings=\"{&quot;avante_ext_is_scrollme&quot;:&quot;false&quot;,&quot;avante_ext_is_smoove&quot;:&quot;false&quot;,&quot;avante_ext_is_parallax_mouse&quot;:&quot;false&quot;,&quot;avante_ext_is_infinite&quot;:&quot;false&quot;}\" data-widget_type=\"text-editor.default\">\n\t\t\t\t<div class=\"elementor-widget-container\">\n\t\t\t\t\t\t\t<p><strong>L&#8217;histoire commenca avec nos racines qui datent de 1939<\/strong>, avec la cr\u00e9ation de la FIDUCIAIRE KARTHEISER, sous forme d\u2019une <strong>entreprise individuelle<\/strong>, par Ren\u00e9 Kartheiser. Ce qui est devenu au cours des ann\u00e9es et gr\u00e2ce \u00e0 des fusions, <strong>la<\/strong> <strong>Fiduciaire Benoy Kartheiser dite FBK<\/strong> et fait de nous la plus ancienne fiduciaire expert-comptable au <strong>Grand-Duch\u00e9 de Luxembourg<\/strong>.<\/p>\t\t\t\t\t\t<\/div>\n\t\t\t\t<\/div>\n\t\t\t\t<div class=\"elementor-element elementor-element-8a4e40a elementor-widget elementor-widget-avante-portfolio-timeline\" data-id=\"8a4e40a\" data-element_type=\"widget\" data-settings=\"{&quot;avante_ext_is_scrollme&quot;:&quot;false&quot;,&quot;avante_ext_is_smoove&quot;:&quot;false&quot;,&quot;avante_ext_is_parallax_mouse&quot;:&quot;false&quot;,&quot;avante_ext_is_infinite&quot;:&quot;false&quot;}\" data-widget_type=\"avante-portfolio-timeline.default\">\n\t\t\t\t<div class=\"elementor-widget-container\">\n\t\t\t<div class=\"portfolio-timeline-wrapper cd-horizontal-timeline\" data-spacing=\"35\">\n\t<div class=\"timeline\">\n\t\t<div class=\"events-wrapper\">\n\t\t\t<div class=\"events\">\n\t\t\t\t<ol>\n\t\t\t\t\t\t\t\t\t\t<li><a href=\"#0\" data-date=\"01\/01\/1981\" class=\"selected\">1981<\/a><\/li>\n\t\t\t\t\t\t\t\t\t\t<li><a href=\"#0\" data-date=\"01\/01\/1987\" >1987<\/a><\/li>\n\t\t\t\t\t\t\t\t\t\t<li><a href=\"#0\" data-date=\"01\/01\/1990\" >1990<\/a><\/li>\n\t\t\t\t\t\t\t\t\t\t<li><a href=\"#0\" data-date=\"01\/01\/2001\" >2001<\/a><\/li>\n\t\t\t\t\t\t\t\t\t\t<li><a href=\"#0\" data-date=\"01\/01\/2002\" >2002<\/a><\/li>\n\t\t\t\t\t\t\t\t\t\t<li><a href=\"#0\" data-date=\"01\/01\/2008\" >2008<\/a><\/li>\n\t\t\t\t\t\t\t\t\t\t<li><a href=\"#0\" data-date=\"01\/01\/2018\" >2018<\/a><\/li>\n\t\t\t\t\t\t\t\t\t<\/ol>\n\n\t\t\t\t<span class=\"filling-line\" aria-hidden=\"true\"><\/span>\n\t\t\t<\/div> <!-- .events -->\n\t\t<\/div> <!-- .events-wrapper -->\n\t\t\t\n\t\t<ul class=\"cd-timeline-navigation\">\n\t\t\t<li><a href=\"#0\" class=\"prev inactive\"><\/a><\/li>\n\t\t\t<li><a href=\"#0\" class=\"next\"><\/a><\/li>\n\t\t<\/ul> <!-- .cd-timeline-navigation -->\n\t<\/div> <!-- .timeline -->\n\t\n\t<div class=\"events-content\">\n\t\t<ol>\n\t\t\t<li class=\"selected\" data-date=\"01\/01\/1981\">\n\t\t\t\t<div class=\"portfolio-timeline-content-wrapper\">\n\t\t\t\t\t\t\t\t\t<div class=\"portfolio-timeline-img\">\n\t\t\t\t\t\t<img decoding=\"async\" src=\"https:\/\/fbk.lu\/wp-content\/uploads\/2021\/02\/FBK-FIDUCIAIRE-FERNAND-KARTHEISER-CIE-Sc.png\" alt=\"pont-adolphe-fbk\" \/>\n\t\t\t\t\t<\/div>\n\t\t\t\t\t\t\t\t\t<div class=\"portfolio-timeline-content one_third\">\n\t\t\t\t\t\t\t\t\t\t\t\t\t<h2>FIDUCIAIRE FERNAND KARTHEISER &amp; CIE Sc<\/h2>\n\t\t\t\t\t\t\t\t\t\t\t\t\t\t\t\t\t\t\t\t\t\t\t\t\t<div class=\"events-content-desc\"><p class=\"bodytext\" style=\"text-align: left\">Les fils de Ren\u00e9 Kartheiser, Fernand et John, fondent ensemble avec Fran\u00e7ois Thill et Robert Elvinger en 1981 la soci\u00e9t\u00e9 civile d\u2019expertises comptables et fiscales <strong>FIDUCIAIRE FERNAND KARTHEISER &amp; CIE<\/strong>, reprenant les activit\u00e9s de la Fiduciaire Kartheiser.\u00a0<\/p><\/div>\n\t\t\t\t\t\t\t\t\t\t\t\t\t<div class=\"post-button-wrapper\">\n\t\t\t\t\t\t\t    <a class=\"continue-reading portfolio-timeline-link\" href=\"\"  ><span><\/span><\/a>\n\t\t\t\t\t\t\t<\/div>\n\t\t\t\t\t<\/div>\n\t\t\t<\/div>\n\t\t\t<\/li>\n\t\t\t<li  data-date=\"01\/01\/1987\">\n\t\t\t\t<div class=\"portfolio-timeline-content-wrapper\">\n\t\t\t\t\t\t\t\t\t<div class=\"portfolio-timeline-img\">\n\t\t\t\t\t\t<img decoding=\"async\" src=\"https:\/\/fbk.lu\/wp-content\/uploads\/2021\/02\/FBK-FIDUCIAIRE-BENOY.jpg\" alt=\"classeurs-comptabilite-fbk\" \/>\n\t\t\t\t\t<\/div>\n\t\t\t\t\t\t\t\t\t<div class=\"portfolio-timeline-content one_third\">\n\t\t\t\t\t\t\t\t\t\t\t\t\t<h2>FIDUCIAIRE BENOY<\/h2>\n\t\t\t\t\t\t\t\t\t\t\t\t\t\t\t\t\t\t\t\t\t\t\t\t\t<div class=\"events-content-desc\"><p class=\"bodytext\" style=\"text-align: left\">Cr\u00e9ation le 19 janvier 1987 de la FIDUCIAIRE BENOY, sous la forme d\u2019une entreprise individuelle, membre de l\u2019Ordre des Experts-Comptables et de l\u2019Institut des R\u00e9viseurs d\u2019Entreprises.<\/p><\/div>\n\t\t\t\t\t\t\t\t\t\t\t\t\t<div class=\"post-button-wrapper\">\n\t\t\t\t\t\t\t    <a class=\"continue-reading portfolio-timeline-link\" href=\"\"  ><span><\/span><\/a>\n\t\t\t\t\t\t\t<\/div>\n\t\t\t\t\t<\/div>\n\t\t\t<\/div>\n\t\t\t<\/li>\n\t\t\t<li  data-date=\"01\/01\/1990\">\n\t\t\t\t<div class=\"portfolio-timeline-content-wrapper\">\n\t\t\t\t\t\t\t\t\t<div class=\"portfolio-timeline-img\">\n\t\t\t\t\t\t<img decoding=\"async\" src=\"https:\/\/fbk.lu\/wp-content\/uploads\/2021\/02\/FBK-KARTHEISER-MANAGEMENT-SARL-BENOY-CONSULTING.png\" alt=\"signature-stylo-fbk\" \/>\n\t\t\t\t\t<\/div>\n\t\t\t\t\t\t\t\t\t<div class=\"portfolio-timeline-content one_third\">\n\t\t\t\t\t\t\t\t\t\t\t\t\t<h2>KARTHEISER MANAGEMENT S\u00e0rl \/ BENOY CONSULTING S\u00e0rl<\/h2>\n\t\t\t\t\t\t\t\t\t\t\t\t\t\t\t\t\t\t\t\t\t\t\t\t\t<div class=\"events-content-desc\"><p class=\"bodytext\" style=\"text-align: left\">Constitution de part et d\u2019autre en 1990 de <strong>\u00ab KARTHEISER MANAGEMENT S\u00e0rl <\/strong>et en 1992 de <strong>BENOY CONSULTING S\u00e0rl \u00bb<\/strong> charg\u00e9es de la cr\u00e9ation et de la domiciliation de soci\u00e9t\u00e9s.<\/p><\/div>\n\t\t\t\t\t\t\t\t\t\t\t\t\t<div class=\"post-button-wrapper\">\n\t\t\t\t\t\t\t    <a class=\"continue-reading portfolio-timeline-link\" href=\"\"  ><span><\/span><\/a>\n\t\t\t\t\t\t\t<\/div>\n\t\t\t\t\t<\/div>\n\t\t\t<\/div>\n\t\t\t<\/li>\n\t\t\t<li  data-date=\"01\/01\/2001\">\n\t\t\t\t<div class=\"portfolio-timeline-content-wrapper\">\n\t\t\t\t\t\t\t\t\t<div class=\"portfolio-timeline-img\">\n\t\t\t\t\t\t<img decoding=\"async\" src=\"https:\/\/fbk.lu\/wp-content\/uploads\/2021\/02\/FBK-FIDUCIAIRE-BENOY-CONSULTING-SARL.png\" alt=\"chiffres-comptables-fbk\" \/>\n\t\t\t\t\t<\/div>\n\t\t\t\t\t\t\t\t\t<div class=\"portfolio-timeline-content one_third\">\n\t\t\t\t\t\t\t\t\t\t\t\t\t<h2>FIDUCIAIRE BENOY CONSULTING S\u00e0rl<\/h2>\n\t\t\t\t\t\t\t\t\t\t\t\t\t\t\t\t\t\t\t\t\t\t\t\t\t<div class=\"events-content-desc\"><p class=\"bodytext\" style=\"text-align: left\">Depuis le 1 juillet 2001\u00a0 regroupement de\u00a0 Fiduciaire Benoy et Benoy Consulting sous forme d\u2019une soci\u00e9t\u00e9 de capitaux du nom de <strong>FIDUCIAIRE BENOY CONSULTING S\u00e0rl<\/strong>.<\/p><\/div>\n\t\t\t\t\t\t\t\t\t\t\t\t\t<div class=\"post-button-wrapper\">\n\t\t\t\t\t\t\t    <a class=\"continue-reading portfolio-timeline-link\" href=\"\"  ><span><\/span><\/a>\n\t\t\t\t\t\t\t<\/div>\n\t\t\t\t\t<\/div>\n\t\t\t<\/div>\n\t\t\t<\/li>\n\t\t\t<li  data-date=\"01\/01\/2002\">\n\t\t\t\t<div class=\"portfolio-timeline-content-wrapper\">\n\t\t\t\t\t\t\t\t\t<div class=\"portfolio-timeline-img\">\n\t\t\t\t\t\t<img decoding=\"async\" src=\"https:\/\/fbk.lu\/wp-content\/uploads\/2021\/02\/FBK-PAYROLL-SARL.png\" alt=\"redaction-de-documents-fbk\" \/>\n\t\t\t\t\t<\/div>\n\t\t\t\t\t\t\t\t\t<div class=\"portfolio-timeline-content one_third\">\n\t\t\t\t\t\t\t\t\t\t\t\t\t<h2>PAYROLL S\u00e0rl<\/h2>\n\t\t\t\t\t\t\t\t\t\t\t\t\t\t\t\t\t\t\t\t\t\t\t\t\t<div class=\"events-content-desc\"><p class=\"bodytext\" style=\"text-align: left\">Le 03 janvier 2002, la Fiduciaire Benoy Consulting S\u00e0rl et la Fiduciaire Fernand Kartheiser &amp; Cie Sc constituent une soci\u00e9t\u00e9 conjointe de secr\u00e9tariat et conseil social du nom de <strong>PAYROLL S\u00e0rl.<\/strong>\u00a0<\/p><\/div>\n\t\t\t\t\t\t\t\t\t\t\t\t\t<div class=\"post-button-wrapper\">\n\t\t\t\t\t\t\t    <a class=\"continue-reading portfolio-timeline-link\" href=\"\"  ><span><\/span><\/a>\n\t\t\t\t\t\t\t<\/div>\n\t\t\t\t\t<\/div>\n\t\t\t<\/div>\n\t\t\t<\/li>\n\t\t\t<li  data-date=\"01\/01\/2008\">\n\t\t\t\t<div class=\"portfolio-timeline-content-wrapper\">\n\t\t\t\t\t\t\t\t\t<div class=\"portfolio-timeline-img\">\n\t\t\t\t\t\t<img decoding=\"async\" src=\"https:\/\/fbk.lu\/wp-content\/uploads\/2021\/02\/FBK-FIDUCIAIRE-BENOY-KARTHEISER-Sc.png\" alt=\"analyse-de-chiffres-fbk\" \/>\n\t\t\t\t\t<\/div>\n\t\t\t\t\t\t\t\t\t<div class=\"portfolio-timeline-content one_third\">\n\t\t\t\t\t\t\t\t\t\t\t\t\t<h2>FIDUCIAIRE BENOY KARTHEISER Sc<\/h2>\n\t\t\t\t\t\t\t\t\t\t\t\t\t\t\t\t\t\t\t\t\t\t\t\t\t<div class=\"events-content-desc\"><p>1er janvier 2008 : Fusion des Fiduciaires Benoy Consulting S\u00e0rl et Fernand Kartheiser &amp; Cie Sc en <strong>FIDUCIAIRE BENOY KARTHEISER Sc.<\/strong><\/p><p style=\"text-align: left\">Tout en gardant la soci\u00e9t\u00e9 <b>PAYROLL S\u00e0rl<\/b>\u00a0et en changeant la soci\u00e9t\u00e9 Kartheiser Management S\u00e0rl en\u00a0<b>Benoy Kartheiser Management S\u00e0rl<\/b>.<\/p><\/div>\n\t\t\t\t\t\t\t\t\t\t\t\t\t<div class=\"post-button-wrapper\">\n\t\t\t\t\t\t\t    <a class=\"continue-reading portfolio-timeline-link\" href=\"\"  ><span><\/span><\/a>\n\t\t\t\t\t\t\t<\/div>\n\t\t\t\t\t<\/div>\n\t\t\t<\/div>\n\t\t\t<\/li>\n\t\t\t<li  data-date=\"01\/01\/2018\">\n\t\t\t\t<div class=\"portfolio-timeline-content-wrapper\">\n\t\t\t\t\t\t\t\t\t<div class=\"portfolio-timeline-img\">\n\t\t\t\t\t\t<img decoding=\"async\" src=\"https:\/\/fbk.lu\/wp-content\/uploads\/2021\/02\/batiment-FBK.png\" alt=\"batiment-exterieur-fbk\" \/>\n\t\t\t\t\t<\/div>\n\t\t\t\t\t\t\t\t\t<div class=\"portfolio-timeline-content one_third\">\n\t\t\t\t\t\t\t\t\t\t\t\t\t<h2>PFAFFENTHAL<\/h2>\n\t\t\t\t\t\t\t\t\t\t\t\t\t\t\t\t\t\t\t\t\t\t\t\t\t<div class=\"events-content-desc\"><p>D\u00e9m\u00e9nagement de la route d\u2019Arlon au <a href=\"https:\/\/www.google.com\/maps\/place\/FIDUCIAIRE+BENOY+KARTHEISER+Sc\/@49.6203084,6.1305871,17z\/data=!4m5!3m4!1s0x47954f2f42d26395:0xbdf453a6ba7fcfd3!8m2!3d49.6202351!4d6.132761?shorturl=1\">24, rue Saint Mathieu L-2138 Luxembourg<\/a> \u2013 Quartier Pfaffenthal de la ville de Luxembourg.<\/p><\/div>\n\t\t\t\t\t\t\t\t\t\t\t\t\t<div class=\"post-button-wrapper\">\n\t\t\t\t\t\t\t    <a class=\"continue-reading portfolio-timeline-link\" href=\"\"  >View Project<span><\/span><\/a>\n\t\t\t\t\t\t\t<\/div>\n\t\t\t\t\t<\/div>\n\t\t\t<\/div>\n\t\t\t<\/li>\n\t\t<\/ol>\n\t<\/div>\n<\/div>\n\t\t<\/div>\n\t\t\t\t<\/div>\n\t\t\t\t\t<\/div>\n\t\t<\/div>\n\t\t\t\t\t<\/div>\n\t\t<\/section>\n\t\t\t\t<section class=\"elementor-section elementor-top-section elementor-element elementor-element-f0e7e91 elementor-section-boxed elementor-section-height-default elementor-section-height-default\" data-id=\"f0e7e91\" data-element_type=\"section\">\n\t\t\t\t\t\t<div class=\"elementor-container elementor-column-gap-default\">\n\t\t\t\t\t<div class=\"elementor-column elementor-col-100 elementor-top-column elementor-element elementor-element-becd218\" data-id=\"becd218\" data-element_type=\"column\" data-settings=\"{&quot;avante_ext_is_scrollme&quot;:&quot;false&quot;,&quot;avante_ext_is_smoove&quot;:&quot;false&quot;,&quot;avante_ext_is_parallax_mouse&quot;:&quot;false&quot;,&quot;avante_ext_is_infinite&quot;:&quot;false&quot;}\">\n\t\t\t<div class=\"elementor-widget-wrap elementor-element-populated\">\n\t\t\t\t\t\t<div class=\"elementor-element elementor-element-5d6b482 elementor-widget elementor-widget-spacer\" data-id=\"5d6b482\" data-element_type=\"widget\" data-settings=\"{&quot;avante_ext_is_scrollme&quot;:&quot;false&quot;,&quot;avante_ext_is_smoove&quot;:&quot;false&quot;,&quot;avante_ext_is_parallax_mouse&quot;:&quot;false&quot;,&quot;avante_ext_is_infinite&quot;:&quot;false&quot;}\" data-widget_type=\"spacer.default\">\n\t\t\t\t<div class=\"elementor-widget-container\">\n\t\t\t\t\t<div class=\"elementor-spacer\">\n\t\t\t<div class=\"elementor-spacer-inner\"><\/div>\n\t\t<\/div>\n\t\t\t\t<\/div>\n\t\t\t\t<\/div>\n\t\t\t\t\t<\/div>\n\t\t<\/div>\n\t\t\t\t\t<\/div>\n\t\t<\/section>\n\t\t\t\t<\/div>\n\t\t","protected":false},"excerpt":{"rendered":"<p>Notre histoire Depuis 1939 L&#8217;histoire commenca avec nos racines qui datent de 1939, avec la cr\u00e9ation de la FIDUCIAIRE KARTHEISER, sous forme d\u2019une entreprise individuelle, par Ren\u00e9 Kartheiser. Ce qui est devenu au cours des ann\u00e9es et gr\u00e2ce \u00e0 des [&hellip;]<\/p>\n","protected":false},"author":1,"featured_media":0,"parent":0,"menu_order":0,"comment_status":"closed","ping_status":"closed","template":"","meta":{"footnotes":""},"class_list":["post-3668","page","type-page","status-publish","hentry"],"yoast_head":"<!-- This site is optimized with the Yoast SEO plugin v23.1 - https:\/\/yoast.com\/wordpress\/plugins\/seo\/ -->\n<title>L&#039;histoire FBK | Votre fiduciaire depuis 1939<\/title>\n<meta name=\"description\" content=\"FBK est la premi\u00e8re fiduciaire du Luxembourg et la plus ancienne. D\u00e9couvrez notre histoire depuis la cr\u00e9ation en 1939 !\" \/>\n<meta name=\"robots\" content=\"index, follow, max-snippet:-1, max-image-preview:large, max-video-preview:-1\" \/>\n<link rel=\"canonical\" href=\"https:\/\/fbk.lu\/de\/histoire\/\" \/>\n<meta property=\"og:locale\" content=\"de_DE\" \/>\n<meta property=\"og:type\" content=\"article\" \/>\n<meta property=\"og:title\" content=\"L&#039;histoire FBK | Votre fiduciaire depuis 1939\" \/>\n<meta property=\"og:description\" content=\"FBK est la premi\u00e8re fiduciaire du Luxembourg et la plus ancienne. D\u00e9couvrez notre histoire depuis la cr\u00e9ation en 1939 !\" \/>\n<meta property=\"og:url\" content=\"https:\/\/fbk.lu\/histoire\/\" \/>\n<meta property=\"og:site_name\" content=\"Fiduciaire Benoy Kartheiser\" \/>\n<meta property=\"article:modified_time\" content=\"2022-10-05T14:19:08+00:00\" \/>\n<meta property=\"og:image\" content=\"https:\/\/fbk.lu\/wp-content\/uploads\/2021\/02\/FBK-FIDUCIAIRE-FERNAND-KARTHEISER-CIE-Sc.png\" \/>\n<meta name=\"twitter:card\" content=\"summary_large_image\" \/>\n<meta name=\"twitter:label1\" content=\"Gesch\u00e4tzte Lesezeit\" \/>\n\t<meta name=\"twitter:data1\" content=\"3 Minuten\" \/>\n<script type=\"application\/ld+json\" class=\"yoast-schema-graph\">{\"@context\":\"https:\/\/schema.org\",\"@graph\":[{\"@type\":\"WebPage\",\"@id\":\"https:\/\/fbk.lu\/histoire\/\",\"url\":\"https:\/\/fbk.lu\/histoire\/\",\"name\":\"L'histoire FBK | Votre fiduciaire depuis 1939\",\"isPartOf\":{\"@id\":\"https:\/\/fbk.lu\/de\/#website\"},\"primaryImageOfPage\":{\"@id\":\"https:\/\/fbk.lu\/histoire\/#primaryimage\"},\"image\":{\"@id\":\"https:\/\/fbk.lu\/histoire\/#primaryimage\"},\"thumbnailUrl\":\"https:\/\/fbk.lu\/wp-content\/uploads\/2021\/02\/FBK-FIDUCIAIRE-FERNAND-KARTHEISER-CIE-Sc.png\",\"datePublished\":\"2019-11-01T08:42:01+00:00\",\"dateModified\":\"2022-10-05T14:19:08+00:00\",\"description\":\"FBK est la premi\u00e8re fiduciaire du Luxembourg et la plus ancienne. D\u00e9couvrez notre histoire depuis la cr\u00e9ation en 1939 !\",\"breadcrumb\":{\"@id\":\"https:\/\/fbk.lu\/histoire\/#breadcrumb\"},\"inLanguage\":\"de-DE\",\"potentialAction\":[{\"@type\":\"ReadAction\",\"target\":[\"https:\/\/fbk.lu\/histoire\/\"]}]},{\"@type\":\"ImageObject\",\"inLanguage\":\"de-DE\",\"@id\":\"https:\/\/fbk.lu\/histoire\/#primaryimage\",\"url\":\"https:\/\/fbk.lu\/wp-content\/uploads\/2021\/02\/FBK-FIDUCIAIRE-FERNAND-KARTHEISER-CIE-Sc.png\",\"contentUrl\":\"https:\/\/fbk.lu\/wp-content\/uploads\/2021\/02\/FBK-FIDUCIAIRE-FERNAND-KARTHEISER-CIE-Sc.png\"},{\"@type\":\"BreadcrumbList\",\"@id\":\"https:\/\/fbk.lu\/histoire\/#breadcrumb\",\"itemListElement\":[{\"@type\":\"ListItem\",\"position\":1,\"name\":\"Accueil\",\"item\":\"https:\/\/fbk.lu\/de\/steuerberatungskanzlei-benoy-kartheiser\/\"},{\"@type\":\"ListItem\",\"position\":2,\"name\":\"Histoire\"}]},{\"@type\":\"WebSite\",\"@id\":\"https:\/\/fbk.lu\/de\/#website\",\"url\":\"https:\/\/fbk.lu\/de\/\",\"name\":\"Fiduciaire Benoy Kartheiser\",\"description\":\"SOCI\u00c9T\u00c9 CIVILE D&#039;EXPERTISES COMPTABLES ET FISCALES\",\"potentialAction\":[{\"@type\":\"SearchAction\",\"target\":{\"@type\":\"EntryPoint\",\"urlTemplate\":\"https:\/\/fbk.lu\/de\/?s={search_term_string}\"},\"query-input\":\"required name=search_term_string\"}],\"inLanguage\":\"de-DE\"}]}<\/script>\n<!-- \/ Yoast SEO plugin. -->","yoast_head_json":{"title":"L'histoire FBK | Votre fiduciaire depuis 1939","description":"FBK est la premi\u00e8re fiduciaire du Luxembourg et la plus ancienne. D\u00e9couvrez notre histoire depuis la cr\u00e9ation en 1939 !","robots":{"index":"index","follow":"follow","max-snippet":"max-snippet:-1","max-image-preview":"max-image-preview:large","max-video-preview":"max-video-preview:-1"},"canonical":"https:\/\/fbk.lu\/de\/histoire\/","og_locale":"de_DE","og_type":"article","og_title":"L'histoire FBK | Votre fiduciaire depuis 1939","og_description":"FBK est la premi\u00e8re fiduciaire du Luxembourg et la plus ancienne. D\u00e9couvrez notre histoire depuis la cr\u00e9ation en 1939 !","og_url":"https:\/\/fbk.lu\/histoire\/","og_site_name":"Fiduciaire Benoy Kartheiser","article_modified_time":"2022-10-05T14:19:08+00:00","og_image":[{"url":"https:\/\/fbk.lu\/wp-content\/uploads\/2021\/02\/FBK-FIDUCIAIRE-FERNAND-KARTHEISER-CIE-Sc.png"}],"twitter_card":"summary_large_image","twitter_misc":{"Gesch\u00e4tzte Lesezeit":"3 Minuten"},"schema":{"@context":"https:\/\/schema.org","@graph":[{"@type":"WebPage","@id":"https:\/\/fbk.lu\/histoire\/","url":"https:\/\/fbk.lu\/histoire\/","name":"L'histoire FBK | Votre fiduciaire depuis 1939","isPartOf":{"@id":"https:\/\/fbk.lu\/de\/#website"},"primaryImageOfPage":{"@id":"https:\/\/fbk.lu\/histoire\/#primaryimage"},"image":{"@id":"https:\/\/fbk.lu\/histoire\/#primaryimage"},"thumbnailUrl":"https:\/\/fbk.lu\/wp-content\/uploads\/2021\/02\/FBK-FIDUCIAIRE-FERNAND-KARTHEISER-CIE-Sc.png","datePublished":"2019-11-01T08:42:01+00:00","dateModified":"2022-10-05T14:19:08+00:00","description":"FBK est la premi\u00e8re fiduciaire du Luxembourg et la plus ancienne. D\u00e9couvrez notre histoire depuis la cr\u00e9ation en 1939 !","breadcrumb":{"@id":"https:\/\/fbk.lu\/histoire\/#breadcrumb"},"inLanguage":"de-DE","potentialAction":[{"@type":"ReadAction","target":["https:\/\/fbk.lu\/histoire\/"]}]},{"@type":"ImageObject","inLanguage":"de-DE","@id":"https:\/\/fbk.lu\/histoire\/#primaryimage","url":"https:\/\/fbk.lu\/wp-content\/uploads\/2021\/02\/FBK-FIDUCIAIRE-FERNAND-KARTHEISER-CIE-Sc.png","contentUrl":"https:\/\/fbk.lu\/wp-content\/uploads\/2021\/02\/FBK-FIDUCIAIRE-FERNAND-KARTHEISER-CIE-Sc.png"},{"@type":"BreadcrumbList","@id":"https:\/\/fbk.lu\/histoire\/#breadcrumb","itemListElement":[{"@type":"ListItem","position":1,"name":"Accueil","item":"https:\/\/fbk.lu\/de\/steuerberatungskanzlei-benoy-kartheiser\/"},{"@type":"ListItem","position":2,"name":"Histoire"}]},{"@type":"WebSite","@id":"https:\/\/fbk.lu\/de\/#website","url":"https:\/\/fbk.lu\/de\/","name":"Fiduciaire Benoy Kartheiser","description":"SOCI\u00c9T\u00c9 CIVILE D&#039;EXPERTISES COMPTABLES ET FISCALES","potentialAction":[{"@type":"SearchAction","target":{"@type":"EntryPoint","urlTemplate":"https:\/\/fbk.lu\/de\/?s={search_term_string}"},"query-input":"required name=search_term_string"}],"inLanguage":"de-DE"}]}},"_links":{"self":[{"href":"https:\/\/fbk.lu\/de\/wp-json\/wp\/v2\/pages\/3668"}],"collection":[{"href":"https:\/\/fbk.lu\/de\/wp-json\/wp\/v2\/pages"}],"about":[{"href":"https:\/\/fbk.lu\/de\/wp-json\/wp\/v2\/types\/page"}],"author":[{"embeddable":true,"href":"https:\/\/fbk.lu\/de\/wp-json\/wp\/v2\/users\/1"}],"replies":[{"embeddable":true,"href":"https:\/\/fbk.lu\/de\/wp-json\/wp\/v2\/comments?post=3668"}],"version-history":[{"count":1,"href":"https:\/\/fbk.lu\/de\/wp-json\/wp\/v2\/pages\/3668\/revisions"}],"predecessor-version":[{"id":12117,"href":"https:\/\/fbk.lu\/de\/wp-json\/wp\/v2\/pages\/3668\/revisions\/12117"}],"wp:attachment":[{"href":"https:\/\/fbk.lu\/de\/wp-json\/wp\/v2\/media?parent=3668"}],"curies":[{"name":"wp","href":"https:\/\/api.w.org\/{rel}","templated":true}]}}