{"id":11443,"date":"2021-03-08T12:30:52","date_gmt":"2021-03-08T11:30:52","guid":{"rendered":"https:\/\/fbk.lu\/cookie-richtlinie\/"},"modified":"2022-10-06T09:14:27","modified_gmt":"2022-10-06T07:14:27","slug":"cookie-richtlinie","status":"publish","type":"page","link":"https:\/\/fbk.lu\/de\/cookie-richtlinie\/","title":{"rendered":"Cookie-Richtlinie"},"content":{"rendered":"\t\t<div data-elementor-type=\"wp-page\" data-elementor-id=\"11443\" class=\"elementor elementor-11443 elementor-10305\" data-elementor-post-type=\"page\">\n\t\t\t\t\t\t<section class=\"elementor-section elementor-top-section elementor-element elementor-element-53e9389 elementor-section-boxed elementor-section-height-default elementor-section-height-default\" data-id=\"53e9389\" data-element_type=\"section\">\n\t\t\t\t\t\t<div class=\"elementor-container elementor-column-gap-default\">\n\t\t\t\t\t<div class=\"elementor-column elementor-col-100 elementor-top-column elementor-element elementor-element-8fadbba\" data-id=\"8fadbba\" data-element_type=\"column\" data-settings=\"{&quot;avante_ext_is_scrollme&quot;:&quot;false&quot;,&quot;avante_ext_is_smoove&quot;:&quot;false&quot;,&quot;avante_ext_is_parallax_mouse&quot;:&quot;false&quot;,&quot;avante_ext_is_infinite&quot;:&quot;false&quot;}\">\n\t\t\t<div class=\"elementor-widget-wrap elementor-element-populated\">\n\t\t\t\t\t\t<div class=\"elementor-element elementor-element-8c5f2f7 elementor-widget elementor-widget-heading\" data-id=\"8c5f2f7\" data-element_type=\"widget\" data-settings=\"{&quot;avante_ext_is_scrollme&quot;:&quot;false&quot;,&quot;avante_ext_is_smoove&quot;:&quot;false&quot;,&quot;avante_ext_is_parallax_mouse&quot;:&quot;false&quot;,&quot;avante_ext_is_infinite&quot;:&quot;false&quot;}\" data-widget_type=\"heading.default\">\n\t\t\t\t<div class=\"elementor-widget-container\">\n\t\t\t<h2 class=\"elementor-heading-title elementor-size-default\">Cookie-Richtlinie - Fiduciaire Benoy Kartheiser<\/h2>\t\t<\/div>\n\t\t\t\t<\/div>\n\t\t\t\t<div class=\"elementor-element elementor-element-f752345 elementor-widget elementor-widget-text-editor\" data-id=\"f752345\" data-element_type=\"widget\" data-settings=\"{&quot;avante_ext_is_scrollme&quot;:&quot;false&quot;,&quot;avante_ext_is_smoove&quot;:&quot;false&quot;,&quot;avante_ext_is_parallax_mouse&quot;:&quot;false&quot;,&quot;avante_ext_is_infinite&quot;:&quot;false&quot;}\" data-widget_type=\"text-editor.default\">\n\t\t\t\t<div class=\"elementor-widget-container\">\n\t\t\t\t\t\t\t<div class=\"cli_pg_page_contaner\">\n<div>Diese Cookie-Richtlinie erkl\u00e4rt, was Cookies sind und wie wir sie verwenden, welche Arten von Cookies wir verwenden, d.h. welche Informationen wir mit Hilfe von Cookies sammeln und wie diese Informationen verwendet werden, und wie Sie die Cookie-Einstellungen steuern k\u00f6nnen. Weitere Informationen dar\u00fcber, wie wir Ihre pers\u00f6nlichen Daten verwenden, speichern und sch\u00fctzen, finden Sie in unserer Datenschutzerkl\u00e4rung. Sie k\u00f6nnen Ihre Zustimmung zu der Cookie-Erkl\u00e4rung auf unserer Website jederzeit \u00e4ndern oder widerrufen. Um mehr dar\u00fcber zu erfahren, wer wir sind, wie Sie uns kontaktieren k\u00f6nnen und wie wir mit personenbezogenen Daten umgehen, lesen Sie bitte unsere Datenschutzrichtlinie. Ihr Einverst\u00e4ndnis gilt f\u00fcr die folgenden Domains: fbk.lu<\/div>\n<\/div>\n<h3> <\/h3>\n<div class=\"cli_pg_page_contaner\">\n<h3>Was sind Cookies?<\/h3>\n<div>Cookies sind kleine Textdateien, die zum Speichern kleiner Informationen verwendet werden. Sie werden auf Ihrem Ger\u00e4t gespeichert, wenn die Website in Ihrem Browser geladen wird. Diese Cookies helfen uns, die Website ordnungsgem\u00e4\u00df zu betreiben, sie sicherer zu machen, ein besseres Benutzererlebnis zu bieten, die Leistung der Website zu verstehen und zu analysieren, was funktioniert und was verbessert werden muss.<\/div>\n<h3> <\/h3>\n<h3>Wie verwenden wir Cookies?<\/h3>\n<div>Wie verwenden wir Cookies? Cookies von Erstanbietern sind in erster Linie f\u00fcr das ordnungsgem\u00e4\u00dfe Funktionieren der Website erforderlich und erfassen keine personenbezogenen Daten von Ihnen. Cookies von Drittanbietern, die auf unserer Website verwendet werden, dienen in erster Linie dazu, zu verstehen, wie die Website funktioniert, wie Sie mit unserer Website interagieren, die Sicherheit unserer Dienste zu gew\u00e4hrleisten, Ihnen f\u00fcr Sie relevante Werbung bereitzustellen und Ihnen ganz allgemein ein besseres und verbessertes Benutzererlebnis zu bieten und Ihre zuk\u00fcnftigen Interaktionen mit unserer Website zu beschleunigen.<\/div>\n<h3> <\/h3>\n<h3>Welche Arten von Cookies verwenden wir?<\/h3>\n<div><strong>Notwendig:<\/strong> Einige Cookies sind notwendig, damit Sie alle Funktionen unserer Website nutzen k\u00f6nnen. Sie erm\u00f6glichen es uns, Benutzersitzungen aufrechtzuerhalten und Sicherheitsbedrohungen zu verhindern. Sie sammeln und speichern keine pers\u00f6nlichen Informationen. Diese Cookies erm\u00f6glichen es Ihnen zum Beispiel, sich in Ihr Konto einzuloggen und Produkte in Ihren Warenkorb zu legen und sicher zur Kasse zu gehen.<\/div>\n<div><strong>Statistik:<\/strong> Diese Cookies speichern Informationen wie die Anzahl der Besucher der Website, die Anzahl der eindeutigen Besucher, die besuchten Seiten der Website, die Quelle des Besuchs usw. Die in den Cookies gespeicherten Informationen werden zur Bearbeitung Ihrer Bestellung verwendet. Diese Daten helfen uns, die Leistung der Website zu verstehen und zu analysieren und Bereiche zu verbessern.<\/div>\n<div><strong>Marketing:<\/strong> Diese Cookies werden verwendet, um die Werbung, die wir Ihnen pr\u00e4sentieren, so zu personalisieren, dass sie f\u00fcr Sie sinnvoll ist. Diese Cookies helfen uns auch dabei, die Effektivit\u00e4t dieser Werbekampagnen zu verfolgen. Die in diesen Cookies gespeicherten Informationen k\u00f6nnen auch von Drittanbietern von Werbung verwendet werden, um Ihnen Werbung auf anderen Websites im Browser anzuzeigen.<\/div>\n<div><strong>Funktionsf\u00e4hig:<\/strong> Cookies erm\u00f6glichen die Nutzung bestimmter nicht-essentieller Funktionen unserer Website. Zu diesen Funktionen geh\u00f6ren die Integration von Inhalten wie Videos oder das Teilen von Website-Inhalten auf Social-Media-Plattformen.<\/div>\n<div><strong>Pr\u00e4ferenzen:<\/strong> Diese Cookies helfen uns, Ihre Einstellungen und Navigationspr\u00e4ferenzen, wie z. B. die Sprache, zu speichern, damit Sie bei Ihren n\u00e4chsten Besuchen auf der Website ein effizienteres Erlebnis haben.<\/div>\n<\/div>\n\t\t\t\t\t\t<\/div>\n\t\t\t\t<\/div>\n\t\t\t\t\t<\/div>\n\t\t<\/div>\n\t\t\t\t\t<\/div>\n\t\t<\/section>\n\t\t\t\t<\/div>\n\t\t","protected":false},"excerpt":{"rendered":"<p>Cookie-Richtlinie &#8211; Fiduciaire Benoy Kartheiser Diese Cookie-Richtlinie erkl\u00e4rt, was Cookies sind und wie wir sie verwenden, welche Arten von Cookies wir verwenden, d.h. welche Informationen wir mit Hilfe von Cookies sammeln und wie diese Informationen verwendet werden, und wie Sie [&hellip;]<\/p>\n","protected":false},"author":1,"featured_media":0,"parent":0,"menu_order":0,"comment_status":"closed","ping_status":"closed","template":"","meta":{"footnotes":""},"class_list":["post-11443","page","type-page","status-publish","hentry"],"yoast_head":"<!-- This site is optimized with the Yoast SEO plugin v23.1 - https:\/\/yoast.com\/wordpress\/plugins\/seo\/ -->\n<title>Cookie-Richtlinie - Fiduciaire Benoy Kartheiser<\/title>\n<meta name=\"robots\" content=\"index, follow, max-snippet:-1, max-image-preview:large, max-video-preview:-1\" \/>\n<link rel=\"canonical\" href=\"https:\/\/fbk.lu\/de\/cookie-richtlinie\/\" \/>\n<meta property=\"og:locale\" content=\"de_DE\" \/>\n<meta property=\"og:type\" content=\"article\" \/>\n<meta property=\"og:title\" content=\"Cookie-Richtlinie - Fiduciaire Benoy Kartheiser\" \/>\n<meta property=\"og:description\" content=\"Cookie-Richtlinie &#8211; Fiduciaire Benoy Kartheiser Diese Cookie-Richtlinie erkl\u00e4rt, was Cookies sind und wie wir sie verwenden, welche Arten von Cookies wir verwenden, d.h. welche Informationen wir mit Hilfe von Cookies sammeln und wie diese Informationen verwendet werden, und wie Sie [&hellip;]\" \/>\n<meta property=\"og:url\" content=\"https:\/\/fbk.lu\/de\/cookie-richtlinie\/\" \/>\n<meta property=\"og:site_name\" content=\"Fiduciaire Benoy Kartheiser\" \/>\n<meta property=\"article:modified_time\" content=\"2022-10-06T07:14:27+00:00\" \/>\n<meta name=\"twitter:card\" content=\"summary_large_image\" \/>\n<meta name=\"twitter:label1\" content=\"Gesch\u00e4tzte Lesezeit\" \/>\n\t<meta name=\"twitter:data1\" content=\"3 Minuten\" \/>\n<script type=\"application\/ld+json\" class=\"yoast-schema-graph\">{\"@context\":\"https:\/\/schema.org\",\"@graph\":[{\"@type\":\"WebPage\",\"@id\":\"https:\/\/fbk.lu\/de\/cookie-richtlinie\/\",\"url\":\"https:\/\/fbk.lu\/de\/cookie-richtlinie\/\",\"name\":\"Cookie-Richtlinie - Fiduciaire Benoy Kartheiser\",\"isPartOf\":{\"@id\":\"https:\/\/fbk.lu\/de\/#website\"},\"datePublished\":\"2021-03-08T11:30:52+00:00\",\"dateModified\":\"2022-10-06T07:14:27+00:00\",\"breadcrumb\":{\"@id\":\"https:\/\/fbk.lu\/de\/cookie-richtlinie\/#breadcrumb\"},\"inLanguage\":\"de-DE\",\"potentialAction\":[{\"@type\":\"ReadAction\",\"target\":[\"https:\/\/fbk.lu\/de\/cookie-richtlinie\/\"]}]},{\"@type\":\"BreadcrumbList\",\"@id\":\"https:\/\/fbk.lu\/de\/cookie-richtlinie\/#breadcrumb\",\"itemListElement\":[{\"@type\":\"ListItem\",\"position\":1,\"name\":\"Accueil\",\"item\":\"https:\/\/fbk.lu\/de\/steuerberatungskanzlei-benoy-kartheiser\/\"},{\"@type\":\"ListItem\",\"position\":2,\"name\":\"Cookie-Richtlinie\"}]},{\"@type\":\"WebSite\",\"@id\":\"https:\/\/fbk.lu\/de\/#website\",\"url\":\"https:\/\/fbk.lu\/de\/\",\"name\":\"Fiduciaire Benoy Kartheiser\",\"description\":\"SOCI\u00c9T\u00c9 CIVILE D&#039;EXPERTISES COMPTABLES ET FISCALES\",\"potentialAction\":[{\"@type\":\"SearchAction\",\"target\":{\"@type\":\"EntryPoint\",\"urlTemplate\":\"https:\/\/fbk.lu\/de\/?s={search_term_string}\"},\"query-input\":\"required name=search_term_string\"}],\"inLanguage\":\"de-DE\"}]}<\/script>\n<!-- \/ Yoast SEO plugin. -->","yoast_head_json":{"title":"Cookie-Richtlinie - Fiduciaire Benoy Kartheiser","robots":{"index":"index","follow":"follow","max-snippet":"max-snippet:-1","max-image-preview":"max-image-preview:large","max-video-preview":"max-video-preview:-1"},"canonical":"https:\/\/fbk.lu\/de\/cookie-richtlinie\/","og_locale":"de_DE","og_type":"article","og_title":"Cookie-Richtlinie - Fiduciaire Benoy Kartheiser","og_description":"Cookie-Richtlinie &#8211; Fiduciaire Benoy Kartheiser Diese Cookie-Richtlinie erkl\u00e4rt, was Cookies sind und wie wir sie verwenden, welche Arten von Cookies wir verwenden, d.h. welche Informationen wir mit Hilfe von Cookies sammeln und wie diese Informationen verwendet werden, und wie Sie [&hellip;]","og_url":"https:\/\/fbk.lu\/de\/cookie-richtlinie\/","og_site_name":"Fiduciaire Benoy Kartheiser","article_modified_time":"2022-10-06T07:14:27+00:00","twitter_card":"summary_large_image","twitter_misc":{"Gesch\u00e4tzte Lesezeit":"3 Minuten"},"schema":{"@context":"https:\/\/schema.org","@graph":[{"@type":"WebPage","@id":"https:\/\/fbk.lu\/de\/cookie-richtlinie\/","url":"https:\/\/fbk.lu\/de\/cookie-richtlinie\/","name":"Cookie-Richtlinie - Fiduciaire Benoy Kartheiser","isPartOf":{"@id":"https:\/\/fbk.lu\/de\/#website"},"datePublished":"2021-03-08T11:30:52+00:00","dateModified":"2022-10-06T07:14:27+00:00","breadcrumb":{"@id":"https:\/\/fbk.lu\/de\/cookie-richtlinie\/#breadcrumb"},"inLanguage":"de-DE","potentialAction":[{"@type":"ReadAction","target":["https:\/\/fbk.lu\/de\/cookie-richtlinie\/"]}]},{"@type":"BreadcrumbList","@id":"https:\/\/fbk.lu\/de\/cookie-richtlinie\/#breadcrumb","itemListElement":[{"@type":"ListItem","position":1,"name":"Accueil","item":"https:\/\/fbk.lu\/de\/steuerberatungskanzlei-benoy-kartheiser\/"},{"@type":"ListItem","position":2,"name":"Cookie-Richtlinie"}]},{"@type":"WebSite","@id":"https:\/\/fbk.lu\/de\/#website","url":"https:\/\/fbk.lu\/de\/","name":"Fiduciaire Benoy Kartheiser","description":"SOCI\u00c9T\u00c9 CIVILE D&#039;EXPERTISES COMPTABLES ET FISCALES","potentialAction":[{"@type":"SearchAction","target":{"@type":"EntryPoint","urlTemplate":"https:\/\/fbk.lu\/de\/?s={search_term_string}"},"query-input":"required name=search_term_string"}],"inLanguage":"de-DE"}]}},"_links":{"self":[{"href":"https:\/\/fbk.lu\/de\/wp-json\/wp\/v2\/pages\/11443"}],"collection":[{"href":"https:\/\/fbk.lu\/de\/wp-json\/wp\/v2\/pages"}],"about":[{"href":"https:\/\/fbk.lu\/de\/wp-json\/wp\/v2\/types\/page"}],"author":[{"embeddable":true,"href":"https:\/\/fbk.lu\/de\/wp-json\/wp\/v2\/users\/1"}],"replies":[{"embeddable":true,"href":"https:\/\/fbk.lu\/de\/wp-json\/wp\/v2\/comments?post=11443"}],"version-history":[{"count":0,"href":"https:\/\/fbk.lu\/de\/wp-json\/wp\/v2\/pages\/11443\/revisions"}],"wp:attachment":[{"href":"https:\/\/fbk.lu\/de\/wp-json\/wp\/v2\/media?parent=11443"}],"curies":[{"name":"wp","href":"https:\/\/api.w.org\/{rel}","templated":true}]}}