{"id":10305,"date":"2021-03-08T12:30:52","date_gmt":"2021-03-08T11:30:52","guid":{"rendered":"https:\/\/fbk.lu\/?page_id=10305"},"modified":"2021-12-06T14:53:45","modified_gmt":"2021-12-06T13:53:45","slug":"politique-de-cookies","status":"publish","type":"page","link":"https:\/\/fbk.lu\/politique-de-cookies\/","title":{"rendered":"Politique de cookies"},"content":{"rendered":"\t\t<div data-elementor-type=\"wp-page\" data-elementor-id=\"10305\" class=\"elementor elementor-10305\" data-elementor-post-type=\"page\">\n\t\t\t\t\t\t<section class=\"elementor-section elementor-top-section elementor-element elementor-element-53e9389 elementor-section-boxed elementor-section-height-default elementor-section-height-default\" data-id=\"53e9389\" data-element_type=\"section\">\n\t\t\t\t\t\t<div class=\"elementor-container elementor-column-gap-default\">\n\t\t\t\t\t<div class=\"elementor-column elementor-col-100 elementor-top-column elementor-element elementor-element-8fadbba\" data-id=\"8fadbba\" data-element_type=\"column\" data-settings=\"{&quot;avante_ext_is_scrollme&quot;:&quot;false&quot;,&quot;avante_ext_is_smoove&quot;:&quot;false&quot;,&quot;avante_ext_is_parallax_mouse&quot;:&quot;false&quot;,&quot;avante_ext_is_infinite&quot;:&quot;false&quot;}\">\n\t\t\t<div class=\"elementor-widget-wrap elementor-element-populated\">\n\t\t\t\t\t\t<div class=\"elementor-element elementor-element-8c5f2f7 elementor-widget elementor-widget-heading\" data-id=\"8c5f2f7\" data-element_type=\"widget\" data-settings=\"{&quot;avante_ext_is_scrollme&quot;:&quot;false&quot;,&quot;avante_ext_is_smoove&quot;:&quot;false&quot;,&quot;avante_ext_is_parallax_mouse&quot;:&quot;false&quot;,&quot;avante_ext_is_infinite&quot;:&quot;false&quot;}\" data-widget_type=\"heading.default\">\n\t\t\t\t<div class=\"elementor-widget-container\">\n\t\t\t<h2 class=\"elementor-heading-title elementor-size-default\">Politique de cookies - Fiduciaire Benoy Kartheiser<\/h2>\t\t<\/div>\n\t\t\t\t<\/div>\n\t\t\t\t<div class=\"elementor-element elementor-element-f752345 elementor-widget elementor-widget-text-editor\" data-id=\"f752345\" data-element_type=\"widget\" data-settings=\"{&quot;avante_ext_is_scrollme&quot;:&quot;false&quot;,&quot;avante_ext_is_smoove&quot;:&quot;false&quot;,&quot;avante_ext_is_parallax_mouse&quot;:&quot;false&quot;,&quot;avante_ext_is_infinite&quot;:&quot;false&quot;}\" data-widget_type=\"text-editor.default\">\n\t\t\t\t<div class=\"elementor-widget-container\">\n\t\t\t\t\t\t\t<div class=\"cli_pg_page_contaner\"><div>La pr\u00e9sente politique en mati\u00e8re de cookies explique ce que sont les cookies et comment nous les utilisons, les types de cookies que nous utilisons, c&#8217;est-\u00e0-dire les informations que nous recueillons \u00e0 l&#8217;aide de cookies et comment ces informations sont utilis\u00e9es, et comment contr\u00f4ler les pr\u00e9f\u00e9rences des cookies. Pour plus d&#8217;informations sur la fa\u00e7on dont nous utilisons, stockons et prot\u00e9geons vos donn\u00e9es personnelles, consultez notre politique priv\u00e9e.Vous pouvez \u00e0 tout moment modifier ou retirer votre consentement \u00e0 la d\u00e9claration sur les cookies sur notre site webPour en savoir plus sur qui nous sommes, comment vous pouvez nous contacter et comment nous traitons les donn\u00e9es personnelles, consultez notre politique priv\u00e9e.Votre consentement s&#8217;applique aux domaine suivant : fbk.lu<\/div><\/div><h3>\u00a0<\/h3><div class=\"cli_pg_page_contaner\"><h3>Qu&#8217;est que sont les cookies ?<\/h3><div>Les cookies sont de petits fichiers texte qui servent \u00e0 stocker de petites informations. Ils sont stock\u00e9s sur votre appareil lorsque le site web est charg\u00e9 sur votre navigateur. Ces cookies nous aident \u00e0 faire fonctionner le site web correctement, \u00e0 le rendre plus s\u00fbr, \u00e0 offrir une meilleure exp\u00e9rience \u00e0 l&#8217;utilisateur, \u00e0 comprendre les performances du site web et \u00e0 analyser ce qui fonctionne et ce qui doit \u00eatre am\u00e9lior\u00e9.<\/div><h3>\u00a0<\/h3><h3>Comment utilisons-nous les cookies ?<\/h3><div>Comme la plupart des services en ligne, notre site web utilise des cookies de premi\u00e8re partie et de tiers \u00e0 plusieurs fins. Les cookies de premi\u00e8re partie sont principalement n\u00e9cessaires au bon fonctionnement du site web et ne recueillent aucune de vos donn\u00e9es personnelles identifiables.Les cookies tiers utilis\u00e9s sur notre site web servent principalement \u00e0 comprendre le fonctionnement du site web, la mani\u00e8re dont vous interagissez avec notre site web, \u00e0 assurer la s\u00e9curit\u00e9 de nos services, \u00e0 fournir des publicit\u00e9s qui vous concernent et, dans l&#8217;ensemble, \u00e0 vous offrir une exp\u00e9rience utilisateur meilleure et am\u00e9lior\u00e9e et \u00e0 acc\u00e9l\u00e9rer vos futures interactions avec notre site web.<\/div><h3>\u00a0<\/h3><h3>Quels types de cookies utilisons-nous ?<\/h3><div><strong>Essentiel :<\/strong> Certains cookies sont essentiels pour que vous puissiez profiter de toutes les fonctionnalit\u00e9s de notre site. Ils nous permettent de maintenir les sessions d&#8217;utilisateurs et de pr\u00e9venir toute menace \u00e0 la s\u00e9curit\u00e9. Ils ne recueillent ni ne stockent aucune information personnelle. Par exemple, ces cookies vous permettent de vous connecter \u00e0 votre compte et d&#8217;ajouter des produits \u00e0 votre panier, et de passer \u00e0 la caisse en toute s\u00e9curit\u00e9.<\/div><div><strong>Statistiques :<\/strong> Ces cookies stockent des informations telles que le nombre de visiteurs du site web, le nombre de visiteurs uniques, les pages du site web qui ont \u00e9t\u00e9 visit\u00e9es, la source de la visite, etc. Ces donn\u00e9es nous aident \u00e0 comprendre et \u00e0 analyser les performances du site web et les points \u00e0 am\u00e9liorer.<\/div><div><strong>Marketing :<\/strong> Notre site web affiche des publicit\u00e9s. Ces cookies sont utilis\u00e9s pour personnaliser les publicit\u00e9s que nous vous pr\u00e9sentons afin qu&#8217;elles soient significatives pour vous. Ces cookies nous aident \u00e9galement \u00e0 suivre l&#8217;efficacit\u00e9 de ces campagnes publicitaires. Les informations stock\u00e9es dans ces cookies peuvent \u00e9galement \u00eatre utilis\u00e9es par les fournisseurs de publicit\u00e9 tiers pour vous montrer des publicit\u00e9s sur d&#8217;autres sites web sur le navigateur.<\/div><div><strong>Fonctionnel :<\/strong> Ce sont les cookies qui permettent d&#8217;utiliser certaines fonctionnalit\u00e9s non essentielles de notre site web. Ces fonctionnalit\u00e9s comprennent l&#8217;int\u00e9gration de contenus tels que des vid\u00e9os ou le partage de contenus du site web sur des plateformes de m\u00e9dias sociaux.<\/div><div><strong>Pr\u00e9f\u00e9rences :<\/strong> Ces cookies nous aident \u00e0 enregistrer vos param\u00e8tres et vos pr\u00e9f\u00e9rences de navigation, comme la langue, afin que vous puissiez profiter d&#8217;une exp\u00e9rience plus efficace lors de vos prochaines visites sur le site web.<\/div><\/div>\t\t\t\t\t\t<\/div>\n\t\t\t\t<\/div>\n\t\t\t\t\t<\/div>\n\t\t<\/div>\n\t\t\t\t\t<\/div>\n\t\t<\/section>\n\t\t\t\t<\/div>\n\t\t","protected":false},"excerpt":{"rendered":"<p>Politique de cookies &#8211; Fiduciaire Benoy Kartheiser La pr\u00e9sente politique en mati\u00e8re de cookies explique ce que sont les cookies et comment nous les utilisons, les types de cookies que nous utilisons, c&#8217;est-\u00e0-dire les informations que nous recueillons \u00e0 l&#8217;aide [&hellip;]<\/p>\n","protected":false},"author":1,"featured_media":0,"parent":0,"menu_order":0,"comment_status":"closed","ping_status":"closed","template":"","meta":{"footnotes":""},"class_list":["post-10305","page","type-page","status-publish","hentry"],"yoast_head":"<!-- This site is optimized with the Yoast SEO plugin v23.1 - https:\/\/yoast.com\/wordpress\/plugins\/seo\/ -->\n<title>Politique de cookies - Fiduciaire Benoy Kartheiser<\/title>\n<meta name=\"robots\" content=\"index, follow, max-snippet:-1, max-image-preview:large, max-video-preview:-1\" \/>\n<link rel=\"canonical\" href=\"https:\/\/fbk.lu\/de\/politique-de-cookies\/\" \/>\n<meta property=\"og:locale\" content=\"de_DE\" \/>\n<meta property=\"og:type\" content=\"article\" \/>\n<meta property=\"og:title\" content=\"Politique de cookies - Fiduciaire Benoy Kartheiser\" \/>\n<meta property=\"og:description\" content=\"Politique de cookies &#8211; Fiduciaire Benoy Kartheiser La pr\u00e9sente politique en mati\u00e8re de cookies explique ce que sont les cookies et comment nous les utilisons, les types de cookies que nous utilisons, c&#8217;est-\u00e0-dire les informations que nous recueillons \u00e0 l&#8217;aide [&hellip;]\" \/>\n<meta property=\"og:url\" content=\"https:\/\/fbk.lu\/politique-de-cookies\/\" \/>\n<meta property=\"og:site_name\" content=\"Fiduciaire Benoy Kartheiser\" \/>\n<meta property=\"article:modified_time\" content=\"2021-12-06T13:53:45+00:00\" \/>\n<meta name=\"twitter:card\" content=\"summary_large_image\" \/>\n<meta name=\"twitter:label1\" content=\"Gesch\u00e4tzte Lesezeit\" \/>\n\t<meta name=\"twitter:data1\" content=\"3 Minuten\" \/>\n<script type=\"application\/ld+json\" class=\"yoast-schema-graph\">{\"@context\":\"https:\/\/schema.org\",\"@graph\":[{\"@type\":\"WebPage\",\"@id\":\"https:\/\/fbk.lu\/politique-de-cookies\/\",\"url\":\"https:\/\/fbk.lu\/politique-de-cookies\/\",\"name\":\"Politique de cookies - Fiduciaire Benoy Kartheiser\",\"isPartOf\":{\"@id\":\"https:\/\/fbk.lu\/de\/#website\"},\"datePublished\":\"2021-03-08T11:30:52+00:00\",\"dateModified\":\"2021-12-06T13:53:45+00:00\",\"breadcrumb\":{\"@id\":\"https:\/\/fbk.lu\/politique-de-cookies\/#breadcrumb\"},\"inLanguage\":\"de-DE\",\"potentialAction\":[{\"@type\":\"ReadAction\",\"target\":[\"https:\/\/fbk.lu\/politique-de-cookies\/\"]}]},{\"@type\":\"BreadcrumbList\",\"@id\":\"https:\/\/fbk.lu\/politique-de-cookies\/#breadcrumb\",\"itemListElement\":[{\"@type\":\"ListItem\",\"position\":1,\"name\":\"Accueil\",\"item\":\"https:\/\/fbk.lu\/de\/steuerberatungskanzlei-benoy-kartheiser\/\"},{\"@type\":\"ListItem\",\"position\":2,\"name\":\"Politique de cookies\"}]},{\"@type\":\"WebSite\",\"@id\":\"https:\/\/fbk.lu\/de\/#website\",\"url\":\"https:\/\/fbk.lu\/de\/\",\"name\":\"Fiduciaire Benoy Kartheiser\",\"description\":\"SOCI\u00c9T\u00c9 CIVILE D&#039;EXPERTISES COMPTABLES ET FISCALES\",\"potentialAction\":[{\"@type\":\"SearchAction\",\"target\":{\"@type\":\"EntryPoint\",\"urlTemplate\":\"https:\/\/fbk.lu\/de\/?s={search_term_string}\"},\"query-input\":\"required name=search_term_string\"}],\"inLanguage\":\"de-DE\"}]}<\/script>\n<!-- \/ Yoast SEO plugin. -->","yoast_head_json":{"title":"Politique de cookies - Fiduciaire Benoy Kartheiser","robots":{"index":"index","follow":"follow","max-snippet":"max-snippet:-1","max-image-preview":"max-image-preview:large","max-video-preview":"max-video-preview:-1"},"canonical":"https:\/\/fbk.lu\/de\/politique-de-cookies\/","og_locale":"de_DE","og_type":"article","og_title":"Politique de cookies - Fiduciaire Benoy Kartheiser","og_description":"Politique de cookies &#8211; Fiduciaire Benoy Kartheiser La pr\u00e9sente politique en mati\u00e8re de cookies explique ce que sont les cookies et comment nous les utilisons, les types de cookies que nous utilisons, c&#8217;est-\u00e0-dire les informations que nous recueillons \u00e0 l&#8217;aide [&hellip;]","og_url":"https:\/\/fbk.lu\/politique-de-cookies\/","og_site_name":"Fiduciaire Benoy Kartheiser","article_modified_time":"2021-12-06T13:53:45+00:00","twitter_card":"summary_large_image","twitter_misc":{"Gesch\u00e4tzte Lesezeit":"3 Minuten"},"schema":{"@context":"https:\/\/schema.org","@graph":[{"@type":"WebPage","@id":"https:\/\/fbk.lu\/politique-de-cookies\/","url":"https:\/\/fbk.lu\/politique-de-cookies\/","name":"Politique de cookies - Fiduciaire Benoy Kartheiser","isPartOf":{"@id":"https:\/\/fbk.lu\/de\/#website"},"datePublished":"2021-03-08T11:30:52+00:00","dateModified":"2021-12-06T13:53:45+00:00","breadcrumb":{"@id":"https:\/\/fbk.lu\/politique-de-cookies\/#breadcrumb"},"inLanguage":"de-DE","potentialAction":[{"@type":"ReadAction","target":["https:\/\/fbk.lu\/politique-de-cookies\/"]}]},{"@type":"BreadcrumbList","@id":"https:\/\/fbk.lu\/politique-de-cookies\/#breadcrumb","itemListElement":[{"@type":"ListItem","position":1,"name":"Accueil","item":"https:\/\/fbk.lu\/de\/steuerberatungskanzlei-benoy-kartheiser\/"},{"@type":"ListItem","position":2,"name":"Politique de cookies"}]},{"@type":"WebSite","@id":"https:\/\/fbk.lu\/de\/#website","url":"https:\/\/fbk.lu\/de\/","name":"Fiduciaire Benoy Kartheiser","description":"SOCI\u00c9T\u00c9 CIVILE D&#039;EXPERTISES COMPTABLES ET FISCALES","potentialAction":[{"@type":"SearchAction","target":{"@type":"EntryPoint","urlTemplate":"https:\/\/fbk.lu\/de\/?s={search_term_string}"},"query-input":"required name=search_term_string"}],"inLanguage":"de-DE"}]}},"_links":{"self":[{"href":"https:\/\/fbk.lu\/de\/wp-json\/wp\/v2\/pages\/10305"}],"collection":[{"href":"https:\/\/fbk.lu\/de\/wp-json\/wp\/v2\/pages"}],"about":[{"href":"https:\/\/fbk.lu\/de\/wp-json\/wp\/v2\/types\/page"}],"author":[{"embeddable":true,"href":"https:\/\/fbk.lu\/de\/wp-json\/wp\/v2\/users\/1"}],"replies":[{"embeddable":true,"href":"https:\/\/fbk.lu\/de\/wp-json\/wp\/v2\/comments?post=10305"}],"version-history":[{"count":0,"href":"https:\/\/fbk.lu\/de\/wp-json\/wp\/v2\/pages\/10305\/revisions"}],"wp:attachment":[{"href":"https:\/\/fbk.lu\/de\/wp-json\/wp\/v2\/media?parent=10305"}],"curies":[{"name":"wp","href":"https:\/\/api.w.org\/{rel}","templated":true}]}}